{"id":852,"date":"2018-05-31T15:19:59","date_gmt":"2018-05-31T13:19:59","guid":{"rendered":"https:\/\/agardinapsugar.hu\/?page_id=852"},"modified":"2020-02-27T11:55:27","modified_gmt":"2020-02-27T10:55:27","slug":"hazirend","status":"publish","type":"page","link":"https:\/\/agardinapsugar.hu\/en\/hazirend\/","title":{"rendered":"House Rules"},"content":{"rendered":"<p>[et_pb_section bb_built=&#8221;1&#8243; _builder_version=&#8221;3.4.1&#8243; background_color=&#8221;rgba(0,0,0,0.7)&#8221; background_image=&#8221;http:\/\/agardinapsugar.hu\/wp-content\/uploads\/2018\/05\/velencei_to_napsugar_strand.jpg&#8221; background_blend=&#8221;overlay&#8221; custom_padding=&#8221;100px||100px||true&#8221; next_background_color=&#8221;#ffffff&#8221;][et_pb_row use_custom_width=&#8221;on&#8221; width_unit=&#8221;off&#8221; use_custom_gutter=&#8221;on&#8221; gutter_width=&#8221;1&#8243; make_equal=&#8221;on&#8221; _builder_version=&#8221;3.3.1&#8243;][et_pb_column type=&#8221;4_4&#8243;][et_pb_text _builder_version=&#8221;3.6&#8243; text_font=&#8221;||||||||&#8221; text_font_size=&#8221;25px&#8221; text_font_size_phone=&#8221;19px&#8221; text_font_size_last_edited=&#8221;on|phone&#8221; text_letter_spacing_last_edited=&#8221;on|desktop&#8221; text_line_height=&#8221;1.4em&#8221; header_font=&#8221;||||||||&#8221; header_font_size_phone=&#8221;18px&#8221; header_font_size_last_edited=&#8221;on|phone&#8221; text_orientation=&#8221;center&#8221;]<\/p>\n<h1 style=\"text-align: center;\"><strong><span style=\"color: #ffffff;\">Napsug\u00e1r Beach - Ag\u00e1rd<\/span><\/strong><\/h1>\n<h1 style=\"text-align: center;\"><strong><span style=\"color: #ffffff;\">House Rules<\/span><\/strong><\/h1>\n<p>[\/et_pb_text][\/et_pb_column][\/et_pb_row][\/et_pb_section][et_pb_section bb_built=&#8221;1&#8243; _builder_version=&#8221;3.4.1&#8243; custom_margin=&#8221;10px||10px|&#8221; custom_padding=&#8221;0px||0px|&#8221; prev_background_color=&#8221;rgba(0,0,0,0.7)&#8221;][et_pb_row _builder_version=&#8221;3.4.1&#8243; module_alignment=&#8221;center&#8221;][et_pb_column type=&#8221;4_4&#8243;][et_pb_text text_font_size=&#8221;16px&#8221; text_line_height=&#8221;1.4em&#8221; _builder_version=&#8221;3.6&#8243;]<\/p>\n<p style=\"text-align: center;\"><strong>Dear Guests!<\/strong><\/p>\n<p style=\"text-align: center;\">We would like to inform you that by paying the beach service fee, you accept the provisions of the policy points below, which for the sake of all of us, the <strong>Napsug\u00e1r Beach<\/strong> are obliged to comply in all areas! Wearing the wristband received at the checkout entitles you to <strong>Napsug\u00e1r Beach<\/strong> for staying in the area, for using the beach services included in the fee. For this reason, the wristband is a <strong>Napsug\u00e1r Beach<\/strong> ter\u00fclet\u00e9n k\u00f6telez\u0151 viselni, illetve a strand megb\u00edzottjainak k\u00e9r\u00e9s\u00e9re azt ellen\u0151rz\u00e9sre meg kell mutatni.<\/p>\n<ol style=\"text-align: center;\">\n<li style=\"text-align: justify;\">Spa guests are obliged to comply with the regulations contained in the legislation and the Spa's policy.<\/li>\n<li style=\"text-align: justify;\"><strong>Napsug\u00e1r Beach<\/strong> opening hours: 01.06.2020 \u2013 08.31.2020 between every day from 08:00 to 20:00. Swimming in the water is possible from June 1 to 8:31 a.m., when bathers are watched by a lifeguard.<\/li>\n<li style=\"text-align: justify;\">Children under the age of 6, or children under the age of 14 who cannot swim, can only enter the beach bath area accompanied by an adult.<\/li>\n<li style=\"text-align: justify;\">Over the age of 3, the use of a swimsuit or swimming trunks is mandatory!<\/li>\n<li style=\"text-align: justify;\">In the land area of the spa and in the water area bordered by buoys, you must strive to behave in such a way that you do not disturb other spa guests, or cause discomfort or offense to others.<\/li>\n<li style=\"text-align: justify;\">Anyone who does not comply with the House Rules may be refused further beach service by the lifeguard, as well as by the management and employees of the beach spa, and must leave the beach. Anyone who violates the rules may be denied access to the beach later.<\/li>\n<li style=\"text-align: justify;\">The water beach area bordered by buoys is provided by the Lifeguard. In case of beach guests leaving the area towards open water a \u00a0<strong>Napsug\u00e1r Beach<\/strong> its operator no longer assumes responsibility for any accidents that may occur.<\/li>\n<li style=\"text-align: justify;\">You can only play ball in the area of the beach bath in the designated area!<\/li>\n<li style=\"text-align: justify;\">Playing ball in the water area fenced with buoys is only allowed with an inflatable beach ball, without disturbing others.<\/li>\n<li style=\"text-align: justify;\">All bathers must follow the instructions of the swimming instructor and the staff and managers of the beach.<\/li>\n<li style=\"text-align: justify;\">Everyone can use the sports field and playground equipment in the beach spa area only at their own risk, we are not responsible for any resulting injuries.<\/li>\n<li style=\"text-align: justify;\">Please place cups, glass, paper, food waste and garbage in the designated waste containers.<\/li>\n<li style=\"text-align: justify;\">The use of toilets, showers and sinks in the spa is free of charge. Please ensure that they are clean.<\/li>\n<li style=\"text-align: justify;\">Az els\u0151seg\u00e9lyny\u00fajt\u00e1s a kijel\u00f6lt helyen d\u00edjtalanul t\u00f6rt\u00e9nik.<\/li>\n<li style=\"text-align: justify;\">We are not responsible for the safety of personal items, the guest must take care of their protection.<\/li>\n<li style=\"text-align: justify;\">Spa guests are not allowed to stay in the spa area after closing time!<\/li>\n<li style=\"text-align: justify;\">In any case, found objects must be handed in at the ticket office: where the rightful owner can collect them after clearly identifying the object by showing their identity card and registering the handover.<\/li>\n<li style=\"text-align: justify;\">By entering the beach area, the spa guest accepts at the same time that if a picture or video recording is made in which he can be seen, he cannot make any claims against the operators, the creators of the recording, or its legitimate users. All guests who appear in the recordings can only be named with their consent.<\/li>\n<li style=\"text-align: justify;\">Anyone who intentionally damages or steals the equipment of the beach bath may be obliged to compensate for the damage, may be prosecuted and banned from the beach bath area.<\/li>\n<li style=\"text-align: justify;\">Smoking is prohibited on the beach, except in designated areas!<\/li>\n<li style=\"text-align: justify;\">To <strong>Napsug\u00e1r Beach<\/strong> all beach guests must leave the area by 20:10!<\/li>\n<li style=\"text-align: justify;\">Between 8:00 p.m. and 8:00 a.m., the lifeguard service ceases, during this period the responsibility for the safety of those bathing in the lake rests with the <strong>Napsug\u00e1r Beach<\/strong> management cannot undertake.<\/li>\n<\/ol>\n<p style=\"text-align: justify;\"><strong><u>the beach and its services cannot be used by:<\/u><\/strong><\/p>\n<ul style=\"text-align: justify;\">\n<li>infectious patients,<\/li>\n<li>sufferers of disgusting diseases,<\/li>\n<li>patients in a convulsive state,<\/li>\n<li>who have open wounds,<\/li>\n<li>individuals in a drunken\/intoxicated state,<\/li>\n<li>those who behave in a way that offends public morals.<\/li>\n<\/ul>\n<p style=\"text-align: justify;\"><strong><u>FORBIDDEN!<\/u><\/strong><\/p>\n<ul>\n<li style=\"text-align: justify;\">bringing dogs and other animals into the beach area,<\/li>\n<li style=\"text-align: justify;\">use cleaning products, consume food and drink in the lake,<\/li>\n<li style=\"text-align: justify;\">jumping into the water, throwing each other into the water<\/li>\n<li style=\"text-align: justify;\">to sit and lie on the steps and drains placed in the water,<\/li>\n<li style=\"text-align: justify;\">throw pollutants, garbage, food waste into pools,<\/li>\n<li style=\"text-align: justify;\">deliberately damaging the bathroom equipment.<\/li>\n<\/ul>\n<p style=\"text-align: center;\">G\u00e1rdony &#8211; Ag\u00e1rd, 2020. 05. 01. \u00a0\u00a0\u00a0\u00a0\u00a0\u00a0\u00a0\u00a0<strong>Napsug\u00e1r Beach<\/strong> \u00a0\u00a0\u00a0\u00a0\u00a0\u00a0\u00a0\u00a0\u00a0\u00a0G\u00e1rdonyi V\u00e1ros\u00fczemeltet\u00e9si Kft<\/p>\n<p>[\/et_pb_text][\/et_pb_column][\/et_pb_row][\/et_pb_section]<\/p>","protected":false},"excerpt":{"rendered":"<p>[et_pb_section bb_built=&#8221;1&#8243; _builder_version=&#8221;3.4.1&#8243; background_color=&#8221;rgba(0,0,0,0.7)&#8221; background_image=&#8221;http:\/\/agardinapsugar.hu\/wp-content\/uploads\/2018\/05\/velencei_to_napsugar_strand.jpg&#8221; background_blend=&#8221;overlay&#8221; custom_padding=&#8221;100px||100px||true&#8221; next_background_color=&#8221;#ffffff&#8221;][et_pb_row use_custom_width=&#8221;on&#8221; width_unit=&#8221;off&#8221; use_custom_gutter=&#8221;on&#8221; gutter_width=&#8221;1&#8243; make_equal=&#8221;on&#8221; _builder_version=&#8221;3.3.1&#8243;][et_pb_column type=&#8221;4_4&#8243;][et_pb_text _builder_version=&#8221;3.6&#8243; text_font=&#8221;||||||||&#8221; text_font_size=&#8221;25px&#8221; text_font_size_phone=&#8221;19px&#8221; text_font_size_last_edited=&#8221;on|phone&#8221; text_letter_spacing_last_edited=&#8221;on|desktop&#8221; text_line_height=&#8221;1.4em&#8221; header_font=&#8221;||||||||&#8221; header_font_size_phone=&#8221;18px&#8221; header_font_size_last_edited=&#8221;on|phone&#8221; text_orientation=&#8221;center&#8221;] Napsug\u00e1r Strand &#8211; Ag\u00e1rd H\u00e1zirend [\/et_pb_text][\/et_pb_column][\/et_pb_row][\/et_pb_section][et_pb_section bb_built=&#8221;1&#8243; _builder_version=&#8221;3.4.1&#8243; custom_margin=&#8221;10px||10px|&#8221; custom_padding=&#8221;0px||0px|&#8221; prev_background_color=&#8221;rgba(0,0,0,0.7)&#8221;][et_pb_row _builder_version=&#8221;3.4.1&#8243; module_alignment=&#8221;center&#8221;][et_pb_column type=&#8221;4_4&#8243;][et_pb_text text_font_size=&#8221;16px&#8221; text_line_height=&#8221;1.4em&#8221; _builder_version=&#8221;3.6&#8243;] Kedves Strandol\u00f3k! Szeretn\u00e9nk jelezni, hogy a \u00a0strandszolg\u00e1ltat\u00e1s d\u00edj\u00e1nak megfizet\u00e9s\u00e9vel elfogadj\u00e1k az al\u00e1bbi [&hellip;]<\/p>","protected":false},"author":4,"featured_media":0,"parent":0,"menu_order":0,"comment_status":"closed","ping_status":"closed","template":"","meta":[],"_links":{"self":[{"href":"https:\/\/agardinapsugar.hu\/en\/wp-json\/wp\/v2\/pages\/852"}],"collection":[{"href":"https:\/\/agardinapsugar.hu\/en\/wp-json\/wp\/v2\/pages"}],"about":[{"href":"https:\/\/agardinapsugar.hu\/en\/wp-json\/wp\/v2\/types\/page"}],"author":[{"embeddable":true,"href":"https:\/\/agardinapsugar.hu\/en\/wp-json\/wp\/v2\/users\/4"}],"replies":[{"embeddable":true,"href":"https:\/\/agardinapsugar.hu\/en\/wp-json\/wp\/v2\/comments?post=852"}],"version-history":[{"count":9,"href":"https:\/\/agardinapsugar.hu\/en\/wp-json\/wp\/v2\/pages\/852\/revisions"}],"predecessor-version":[{"id":1374,"href":"https:\/\/agardinapsugar.hu\/en\/wp-json\/wp\/v2\/pages\/852\/revisions\/1374"}],"wp:attachment":[{"href":"https:\/\/agardinapsugar.hu\/en\/wp-json\/wp\/v2\/media?parent=852"}],"curies":[{"name":"wp","href":"https:\/\/api.w.org\/{rel}","templated":true}]}}