{"id":64,"date":"2018-05-18T16:44:10","date_gmt":"2018-05-18T14:44:10","guid":{"rendered":"http:\/\/agardinapsugar.hu\/?page_id=64"},"modified":"2023-05-19T11:26:47","modified_gmt":"2023-05-19T09:26:47","slug":"gyerekbarat-strand","status":"publish","type":"page","link":"https:\/\/agardinapsugar.hu\/en\/gyerekbarat-strand\/","title":{"rendered":"Child-friendly beach"},"content":{"rendered":"<p>[et_pb_section fb_built=&#8221;1&#8243; _builder_version=&#8221;3.3.1&#8243; background_color=&#8221;rgba(0,0,0,0.7)&#8221; background_image=&#8221;http:\/\/agardinapsugar.hu\/wp-content\/uploads\/2018\/05\/gyerekbarat_strand_velencei_to.jpg&#8221; background_blend=&#8221;overlay&#8221; custom_padding=&#8221;150px||150px||true&#8221;][et_pb_row use_custom_width=&#8221;on&#8221; width_unit=&#8221;off&#8221; use_custom_gutter=&#8221;on&#8221; gutter_width=&#8221;1&#8243; make_equal=&#8221;on&#8221; _builder_version=&#8221;3.3.1&#8243;][et_pb_column type=&#8221;4_4&#8243; _builder_version=&#8221;3.0.47&#8243; parallax=&#8221;off&#8221; parallax_method=&#8221;on&#8221;][et_pb_text _builder_version=&#8221;3.3.1&#8243; text_font=&#8221;||||||||&#8221; text_font_size=&#8221;25px&#8221; text_line_height=&#8221;1.4em&#8221; header_font=&#8221;Baumans||||||||&#8221; header_font_size=&#8221;55px&#8221; header_font_size_phone=&#8221;40px&#8221; header_font_size_last_edited=&#8221;on|phone&#8221; text_orientation=&#8221;center&#8221; custom_margin=&#8221;||20px|&#8221;]<\/p>\n<h1 style=\"text-align: center;\"><strong><span style=\"color: #ffffff;\">Child-friendly beach<\/span><\/strong><\/h1>\n<p>[\/et_pb_text][et_pb_text _builder_version=&#8221;3.3.1&#8243; text_font=&#8221;||||||||&#8221; text_font_size=&#8221;25px&#8221; text_line_height=&#8221;1.4em&#8221; header_font=&#8221;||||||||&#8221; header_2_font=&#8221;||||||||&#8221; header_2_font_size_phone=&#8221;20px&#8221; header_2_font_size_last_edited=&#8221;on|phone&#8221; text_orientation=&#8221;center&#8221;]<\/p>\n<h2 style=\"text-align: center;\"><strong><span style=\"color: #ffffff;\">A real child-friendly beach with a slowly deepening sandy beach,<br \/>\nwith plenty of playgrounds and shaded areas! <\/span><\/strong><\/h2>\n<p>[\/et_pb_text][\/et_pb_column][\/et_pb_row][\/et_pb_section][et_pb_section fb_built=&#8221;1&#8243; _builder_version=&#8221;3.3.1&#8243; background_color=&#8221;#f2f2f2&#8243; custom_margin=&#8221;0px|0px|0px|0px&#8221; custom_padding=&#8221;20px|0px|20px|0px|true&#8221;][et_pb_row make_fullwidth=&#8221;on&#8221; use_custom_gutter=&#8221;on&#8221; gutter_width=&#8221;2&#8243; make_equal=&#8221;on&#8221; _builder_version=&#8221;3.3.1&#8243;][et_pb_column type=&#8221;4_4&#8243; _builder_version=&#8221;3.0.47&#8243; parallax=&#8221;off&#8221; parallax_method=&#8221;on&#8221;][et_pb_text _builder_version=&#8221;3.3.1&#8243; text_font=&#8221;||||||||&#8221; text_font_size=&#8221;22px&#8221; text_font_size_phone=&#8221;16px&#8221; text_font_size_last_edited=&#8221;on|phone&#8221; text_line_height=&#8221;1.4em&#8221; max_width_phone=&#8221;100%&#8221; max_width_last_edited=&#8221;on|phone&#8221;]<\/p>\n<p style=\"text-align: center;\">Nothing is more important than taking our children to a beach where <strong>in safe<\/strong> <strong>we can<\/strong> <strong>them.<\/strong>. This goal floated in front of our eyes when we opened the Venencei-tavi <strong>child friendly<\/strong> Napsug\u00e1r Beach!<\/p>\n<p>[\/et_pb_text][\/et_pb_column][\/et_pb_row][\/et_pb_section][et_pb_section fb_built=&#8221;1&#8243; _builder_version=&#8221;3.3.1&#8243; custom_margin=&#8221;0px||0px|&#8221; custom_padding=&#8221;0px||0px|&#8221;][et_pb_row make_fullwidth=&#8221;on&#8221; use_custom_gutter=&#8221;on&#8221; gutter_width=&#8221;1&#8243; custom_padding=&#8221;0px||0px|&#8221; make_equal=&#8221;on&#8221; disabled_on=&#8221;off|on|on&#8221; _builder_version=&#8221;3.3.1&#8243; module_alignment=&#8221;center&#8221;][et_pb_column type=&#8221;1_2&#8243; _builder_version=&#8221;3.0.47&#8243; parallax=&#8221;off&#8221; parallax_method=&#8221;on&#8221;][et_pb_image src=&#8221;http:\/\/agardinapsugar.hu\/wp-content\/uploads\/2018\/05\/gyerekbarat_strand_agard.jpg&#8221; _builder_version=&#8221;3.3.1&#8243;]&nbsp;<br \/>\n[\/et_pb_image][\/et_pb_column][et_pb_column type=&#8221;1_2&#8243; _builder_version=&#8221;3.0.47&#8243; parallax=&#8221;off&#8221; parallax_method=&#8221;on&#8221;][et_pb_blurb title=&#8221;Sok \u00e1rny\u00e9kos r\u00e9sz&#8221; content_max_width=&#8221;625px&#8221; _builder_version=&#8221;3.3.1&#8243; header_level=&#8221;h2&#8243; header_font=&#8221;|700|||||||&#8221; header_font_size_phone=&#8221;26px&#8221; header_font_size_last_edited=&#8221;on|phone&#8221; body_font=&#8221;||||||||&#8221; body_font_size=&#8221;18px&#8221; body_font_size_phone=&#8221;16px&#8221; body_font_size_last_edited=&#8221;on|phone&#8221; body_line_height=&#8221;1.4em&#8221; custom_margin=&#8221;90px||90px||true&#8221; custom_margin_phone=&#8221;30px|15px|30px|15px|true|true&#8221; custom_margin_last_edited=&#8221;on|phone&#8221;]A kicsik <strong>undisturbed<\/strong> <strong>sanding<\/strong> located on the coast, but the <strong>into the water<\/strong> <strong>unique<\/strong> intrusive <strong>shaders<\/strong> responsible. <strong>The bank<\/strong> <strong>beside<\/strong> grassy areas <strong>are giant trees<\/strong> <strong>f\u00e1k<\/strong> making <strong>great shading<\/strong> for those who are tired of the big game and want to rest.<br \/>\n[\/et_pb_blurb][\/et_pb_column][\/et_pb_row][et_pb_row make_fullwidth=&#8221;on&#8221; use_custom_gutter=&#8221;on&#8221; gutter_width=&#8221;1&#8243; custom_padding=&#8221;0px||0px|&#8221; make_equal=&#8221;on&#8221; bg_img_2=&#8221;http:\/\/agardinapsugar.hu\/wp-content\/uploads\/2018\/05\/gyerekbarat_strand_agard.jpg&#8221; disabled_on=&#8221;on|off|off&#8221; _builder_version=&#8221;3.3.1&#8243; module_alignment=&#8221;center&#8221;][et_pb_column type=&#8221;1_2&#8243; _builder_version=&#8221;3.0.47&#8243; parallax=&#8221;off&#8221; parallax_method=&#8221;on&#8221;][et_pb_blurb title=&#8221;Sok \u00e1rny\u00e9kos r\u00e9sz&#8221; content_max_width=&#8221;625px&#8221; _builder_version=&#8221;3.3.1&#8243; header_level=&#8221;h2&#8243; header_font=&#8221;|700|||||||&#8221; body_font=&#8221;||||||||&#8221; body_font_size=&#8221;18px&#8221; body_line_height=&#8221;1.4em&#8221; custom_margin=&#8221;90px||90px||true&#8221;]A kicsik <strong>undisturbed<\/strong> <strong>sanding<\/strong> located on the coast, but the <strong>into the water<\/strong> <strong>unique<\/strong> intrusive <strong>shaders<\/strong> responsible. <strong>The bank<\/strong> <strong>beside<\/strong> grassy areas <strong>are giant trees<\/strong> <strong>f\u00e1k<\/strong> making <strong>great shading<\/strong> for those who are tired of the big game and want to rest.<br \/>\n[\/et_pb_blurb][\/et_pb_column][et_pb_column type=&#8221;1_2&#8243; _builder_version=&#8221;3.0.47&#8243; bg_img=&#8221;http:\/\/agardinapsugar.hu\/wp-content\/uploads\/2018\/05\/gyerekbarat_strand_agard.jpg&#8221; parallax=&#8221;off&#8221; parallax_method=&#8221;on&#8221;][\/et_pb_column][\/et_pb_row][et_pb_row make_fullwidth=&#8221;on&#8221; use_custom_gutter=&#8221;on&#8221; gutter_width=&#8221;1&#8243; custom_padding=&#8221;0px||0px|&#8221; make_equal=&#8221;on&#8221; bg_img_1=&#8221;http:\/\/agardinapsugar.hu\/wp-content\/uploads\/2018\/05\/homokos_gyerek_strand_velence.jpg&#8221; disabled_on=&#8221;on|off|off&#8221; _builder_version=&#8221;3.3.1&#8243; background_color=&#8221;#f2f2f2&#8243; module_alignment=&#8221;center&#8221;][et_pb_column type=&#8221;1_2&#8243; _builder_version=&#8221;3.0.47&#8243; bg_img=&#8221;http:\/\/agardinapsugar.hu\/wp-content\/uploads\/2018\/05\/homokos_gyerek_strand_velence.jpg&#8221; parallax=&#8221;off&#8221; parallax_method=&#8221;on&#8221;][\/et_pb_column][et_pb_column type=&#8221;1_2&#8243; _builder_version=&#8221;3.0.47&#8243; parallax=&#8221;off&#8221; parallax_method=&#8221;on&#8221;][et_pb_blurb title=&#8221;Lassan m\u00e9ly\u00fcl\u0151 homokos part&#8221; content_max_width=&#8221;625px&#8221; _builder_version=&#8221;3.3.1&#8243; header_level=&#8221;h2&#8243; header_font=&#8221;|700|||||||&#8221; body_font=&#8221;||||||||&#8221; body_font_size=&#8221;18px&#8221; body_line_height=&#8221;1.4em&#8221; custom_margin=&#8221;90px||90px||true&#8221;]Egy gyerekbar\u00e1t strand elengedhetetlen r\u00e9sze a <strong>slowly<\/strong> <strong>deepening<\/strong> <strong>sandy<\/strong> <strong>The bank<\/strong>, where children <strong>in safe<\/strong> and <strong>funny<\/strong> they can pant. Fulfillment of this is not even a question in the case of Napsug\u00e1r Beach in Lake Velence!<br \/>\n[\/et_pb_blurb][\/et_pb_column][\/et_pb_row][et_pb_row make_fullwidth=&#8221;on&#8221; use_custom_gutter=&#8221;on&#8221; gutter_width=&#8221;1&#8243; custom_padding=&#8221;0px||0px|&#8221; make_equal=&#8221;on&#8221; disabled_on=&#8221;off|on|on&#8221; _builder_version=&#8221;3.3.1&#8243; background_color=&#8221;#f2f2f2&#8243; module_alignment=&#8221;center&#8221;][et_pb_column type=&#8221;1_2&#8243; _builder_version=&#8221;3.0.47&#8243; parallax=&#8221;off&#8221; parallax_method=&#8221;on&#8221;][et_pb_image src=&#8221;http:\/\/agardinapsugar.hu\/wp-content\/uploads\/2018\/05\/homokos_gyerek_strand_velence.jpg&#8221; _builder_version=&#8221;3.3.1&#8243;]&nbsp;<br \/>\n[\/et_pb_image][\/et_pb_column][et_pb_column type=&#8221;1_2&#8243; _builder_version=&#8221;3.0.47&#8243; parallax=&#8221;off&#8221; parallax_method=&#8221;on&#8221;][et_pb_blurb title=&#8221;Lassan m\u00e9ly\u00fcl\u0151 homokos part&#8221; content_max_width=&#8221;625px&#8221; _builder_version=&#8221;3.3.1&#8243; header_level=&#8221;h2&#8243; header_font=&#8221;|700|||||||&#8221; header_font_size_phone=&#8221;26px&#8221; header_font_size_last_edited=&#8221;on|phone&#8221; body_font=&#8221;||||||||&#8221; body_font_size=&#8221;18px&#8221; body_font_size_phone=&#8221;16px&#8221; body_font_size_last_edited=&#8221;on|phone&#8221; body_line_height=&#8221;1.4em&#8221; custom_margin=&#8221;90px||90px||true&#8221; custom_margin_phone=&#8221;30px|15px|30px|15px|true|true&#8221; custom_margin_last_edited=&#8221;on|phone&#8221;]Egy gyerekbar\u00e1t strand elengedhetetlen r\u00e9sze a <strong>slowly<\/strong> <strong>deepening<\/strong> <strong>sandy<\/strong> <strong>The bank<\/strong>, where children <strong>in safe<\/strong> and <strong>funny<\/strong> they can pant. Fulfillment of this is not even a question in the case of Napsug\u00e1r Beach in Lake Velence!<br \/>\n[\/et_pb_blurb][\/et_pb_column][\/et_pb_row][et_pb_row make_fullwidth=&#8221;on&#8221; use_custom_gutter=&#8221;on&#8221; gutter_width=&#8221;1&#8243; custom_padding=&#8221;0px||0px|&#8221; make_equal=&#8221;on&#8221; bg_img_2=&#8221;http:\/\/agardinapsugar.hu\/wp-content\/uploads\/2018\/05\/jatszoter_velencei_to-1.jpg&#8221; disabled_on=&#8221;on|off|off&#8221; _builder_version=&#8221;3.3.1&#8243; module_alignment=&#8221;center&#8221;][et_pb_column type=&#8221;1_2&#8243; _builder_version=&#8221;3.0.47&#8243; parallax=&#8221;off&#8221; parallax_method=&#8221;on&#8221;][et_pb_blurb title=&#8221;Modern j\u00e1tsz\u00f3t\u00e9r&#8221; content_max_width=&#8221;625px&#8221; _builder_version=&#8221;3.6&#8243; header_level=&#8221;h2&#8243; header_font=&#8221;|700|||||||&#8221; body_font=&#8221;||||||||&#8221; body_font_size=&#8221;18px&#8221; body_line_height=&#8221;1.4em&#8221; custom_margin=&#8221;90px||90px||true&#8221;]Amennyiben a <strong>children<\/strong> they would get bored of their time in the water there is no problems <strong>they can visit<\/strong> the children friendly <strong>beach<\/strong> area <strong>inside<\/strong> found <strong>playground.<\/strong> , where they can continues to play.<br \/>\n[\/et_pb_blurb][\/et_pb_column][et_pb_column type=&#8221;1_2&#8243; _builder_version=&#8221;3.0.47&#8243; bg_img=&#8221;http:\/\/agardinapsugar.hu\/wp-content\/uploads\/2018\/05\/jatszoter_velencei_to-1.jpg&#8221; parallax=&#8221;off&#8221; parallax_method=&#8221;on&#8221;][\/et_pb_column][\/et_pb_row][et_pb_row make_fullwidth=&#8221;on&#8221; use_custom_gutter=&#8221;on&#8221; gutter_width=&#8221;1&#8243; custom_padding=&#8221;0px||0px|&#8221; make_equal=&#8221;on&#8221; disabled_on=&#8221;off|on|on&#8221; _builder_version=&#8221;3.3.1&#8243; module_alignment=&#8221;center&#8221;][et_pb_column type=&#8221;1_2&#8243; _builder_version=&#8221;3.0.47&#8243; parallax=&#8221;off&#8221; parallax_method=&#8221;on&#8221;][et_pb_image src=&#8221;http:\/\/agardinapsugar.hu\/wp-content\/uploads\/2018\/05\/jatszoter_velencei_to-1.jpg&#8221; _builder_version=&#8221;3.3.1&#8243;]&nbsp;<br \/>\n[\/et_pb_image][\/et_pb_column][et_pb_column type=&#8221;1_2&#8243; _builder_version=&#8221;3.0.47&#8243; parallax=&#8221;off&#8221; parallax_method=&#8221;on&#8221;][et_pb_blurb title=&#8221;Modern j\u00e1tsz\u00f3t\u00e9r&#8221; content_max_width=&#8221;625px&#8221; _builder_version=&#8221;3.3.1&#8243; header_level=&#8221;h2&#8243; header_font=&#8221;|700|||||||&#8221; header_font_size_phone=&#8221;26px&#8221; header_font_size_last_edited=&#8221;on|phone&#8221; body_font=&#8221;||||||||&#8221; body_font_size=&#8221;18px&#8221; body_font_size_phone=&#8221;16px&#8221; body_font_size_last_edited=&#8221;on|phone&#8221; body_line_height=&#8221;1.4em&#8221; custom_margin=&#8221;90px||90px||true&#8221; custom_margin_phone=&#8221;30px|15px|30px|15px|true|true&#8221; custom_margin_last_edited=&#8221;on|phone&#8221;]Amennyiben a <strong>children<\/strong> they would get bored of their time in the water there is no problems <strong>they can visit<\/strong> the children friendly <strong>beach<\/strong> area <strong>inside<\/strong> found <strong>playground.<\/strong> , where they can continues to play.<br \/>\n[\/et_pb_blurb][\/et_pb_column][\/et_pb_row][\/et_pb_section][et_pb_section fb_built=&#8221;1&#8243; module_id=&#8221;arak&#8221; _builder_version=&#8221;3.6&#8243; background_color=&#8221;#f2f2f2&#8243; custom_margin=&#8221;0px||0px||true&#8221; custom_padding=&#8221;0||20px||false|false&#8221; global_module=&#8221;880&#8243;][et_pb_row make_fullwidth=&#8221;on&#8221; use_custom_gutter=&#8221;on&#8221; gutter_width=&#8221;1&#8243; _builder_version=&#8221;3.6&#8243;][et_pb_column type=&#8221;4_4&#8243; _builder_version=&#8221;3.0.47&#8243; parallax=&#8221;off&#8221; parallax_method=&#8221;on&#8221;][\/et_pb_column][\/et_pb_row][\/et_pb_section][et_pb_section fb_built=&#8221;1&#8243; module_id=&#8221;megkozelites&#8221; _builder_version=&#8221;3.4.1&#8243; custom_margin=&#8221;0px||0px|&#8221; custom_padding=&#8221;20px|0|20px||false|false&#8221; global_module=&#8221;67&#8243;][et_pb_row make_fullwidth=&#8221;on&#8221; use_custom_gutter=&#8221;on&#8221; gutter_width=&#8221;2&#8243; custom_padding=&#8221;27px|0px|22px|0px|false|false&#8221; custom_padding_phone=&#8221;0px||0px|&#8221; make_equal=&#8221;on&#8221; custom_padding_last_edited=&#8221;on|phone&#8221; _builder_version=&#8221;3.3.1&#8243; custom_margin_phone=&#8221;0px||0px|&#8221; custom_margin_last_edited=&#8221;on|phone&#8221;][et_pb_column type=&#8221;1_2&#8243; _builder_version=&#8221;3.0.47&#8243; parallax=&#8221;off&#8221; parallax_method=&#8221;on&#8221;][et_pb_blurb title=&#8221;Hol tal\u00e1lhat\u00f3 a velencei-tavi Napsug\u00e1r Strand?&#8221; content_max_width=&#8221;625px&#8221; _builder_version=&#8221;3.3.1&#8243; header_level=&#8221;h2&#8243; header_font=&#8221;|700|||||||&#8221; header_font_size_phone=&#8221;24px&#8221; header_font_size_last_edited=&#8221;on|phone&#8221; body_font=&#8221;||||||||&#8221; body_font_size=&#8221;18px&#8221; body_line_height=&#8221;1.4em&#8221; custom_margin=&#8221;30px||0px||false&#8221;]<\/p>\n<p class=\" translation-block\">The child- friendly Napsug\u00e1r Strand, which has a friendly environment and a sandy beach, is located in Ag\u00e1rd, directly on the shore of Lake Velence.<\/p>\n<p class=\" translation-block\">With us, you don't even have to worry about parking, as there are more than 250 parking spaces in the immediate vicinity of the Velencei-lake beach.<\/p>\n<p>[\/et_pb_blurb][et_pb_blurb title=&#8221;Vonattal \u00e9rkez\u0151knek az ag\u00e1rdi vas\u00fat\u00e1llom\u00e1son kell lesz\u00e1llni.&#8221; content_max_width=&#8221;625px&#8221; _builder_version=&#8221;3.6&#8243; header_level=&#8221;h2&#8243; header_font=&#8221;|700|||||||&#8221; header_font_size_phone=&#8221;24px&#8221; header_font_size_last_edited=&#8221;on|phone&#8221; body_font=&#8221;||||||||&#8221; body_font_size=&#8221;18px&#8221; body_line_height=&#8221;1.4em&#8221; custom_margin=&#8221;30px||0px||false&#8221;][\/et_pb_blurb][\/et_pb_column][et_pb_column type=&#8221;1_2&#8243; _builder_version=&#8221;3.0.47&#8243; parallax=&#8221;off&#8221; parallax_method=&#8221;on&#8221;][et_pb_code _builder_version=&#8221;3.3.1&#8243; text_orientation=&#8221;center&#8221;]&lt;iframe src=&quot;https:\/\/www.google.com\/maps\/embed?pb=!1m18!1m12!1m3!1d2710.9792751642376!2d18.599612315616348!3d47.197418179159754!2m3!1f0!2f0!3f0!3m2!1i1024!2i768!4f13.1!3m3!1m2!1s0x476a01e649a24e79%3A0xc8e2639a28f29008!2sNapsug%C3%A1r+Strand!5e0!3m2!1shu!2shu!4v1526651210549&quot; width=&quot;600&quot; height=&quot;300&quot; frameborder=&quot;0&quot; style=&quot;border:0&quot; allowfullscreen&gt;&lt;\/iframe&gt;[\/et_pb_code][\/et_pb_column][\/et_pb_row][\/et_pb_section]<\/p>","protected":false},"excerpt":{"rendered":"<p>[et_pb_section fb_built=&#8221;1&#8243; _builder_version=&#8221;3.3.1&#8243; background_color=&#8221;rgba(0,0,0,0.7)&#8221; background_image=&#8221;http:\/\/agardinapsugar.hu\/wp-content\/uploads\/2018\/05\/gyerekbarat_strand_velencei_to.jpg&#8221; background_blend=&#8221;overlay&#8221; custom_padding=&#8221;150px||150px||true&#8221;][et_pb_row use_custom_width=&#8221;on&#8221; width_unit=&#8221;off&#8221; use_custom_gutter=&#8221;on&#8221; gutter_width=&#8221;1&#8243; make_equal=&#8221;on&#8221; _builder_version=&#8221;3.3.1&#8243;][et_pb_column type=&#8221;4_4&#8243; _builder_version=&#8221;3.0.47&#8243; parallax=&#8221;off&#8221; parallax_method=&#8221;on&#8221;][et_pb_text _builder_version=&#8221;3.3.1&#8243; text_font=&#8221;||||||||&#8221; text_font_size=&#8221;25px&#8221; text_line_height=&#8221;1.4em&#8221; header_font=&#8221;Baumans||||||||&#8221; header_font_size=&#8221;55px&#8221; header_font_size_phone=&#8221;40px&#8221; header_font_size_last_edited=&#8221;on|phone&#8221; text_orientation=&#8221;center&#8221; custom_margin=&#8221;||20px|&#8221;] Gyerekbar\u00e1t strand [\/et_pb_text][et_pb_text _builder_version=&#8221;3.3.1&#8243; text_font=&#8221;||||||||&#8221; text_font_size=&#8221;25px&#8221; text_line_height=&#8221;1.4em&#8221; header_font=&#8221;||||||||&#8221; header_2_font=&#8221;||||||||&#8221; header_2_font_size_phone=&#8221;20px&#8221; header_2_font_size_last_edited=&#8221;on|phone&#8221; text_orientation=&#8221;center&#8221;] Egy val\u00f3di gyerekbar\u00e1t strand lassan m\u00e9ly\u00fcl\u0151 homokos parttal, rengeteg j\u00e1tsz\u00f3t\u00e9rrel \u00e9s \u00e1rny\u00e9kos r\u00e9sszel! [\/et_pb_text][\/et_pb_column][\/et_pb_row][\/et_pb_section][et_pb_section fb_built=&#8221;1&#8243; _builder_version=&#8221;3.3.1&#8243; [&hellip;]<\/p>","protected":false},"author":4,"featured_media":0,"parent":0,"menu_order":0,"comment_status":"closed","ping_status":"closed","template":"","meta":[],"_links":{"self":[{"href":"https:\/\/agardinapsugar.hu\/en\/wp-json\/wp\/v2\/pages\/64"}],"collection":[{"href":"https:\/\/agardinapsugar.hu\/en\/wp-json\/wp\/v2\/pages"}],"about":[{"href":"https:\/\/agardinapsugar.hu\/en\/wp-json\/wp\/v2\/types\/page"}],"author":[{"embeddable":true,"href":"https:\/\/agardinapsugar.hu\/en\/wp-json\/wp\/v2\/users\/4"}],"replies":[{"embeddable":true,"href":"https:\/\/agardinapsugar.hu\/en\/wp-json\/wp\/v2\/comments?post=64"}],"version-history":[{"count":31,"href":"https:\/\/agardinapsugar.hu\/en\/wp-json\/wp\/v2\/pages\/64\/revisions"}],"predecessor-version":[{"id":1680,"href":"https:\/\/agardinapsugar.hu\/en\/wp-json\/wp\/v2\/pages\/64\/revisions\/1680"}],"wp:attachment":[{"href":"https:\/\/agardinapsugar.hu\/en\/wp-json\/wp\/v2\/media?parent=64"}],"curies":[{"name":"wp","href":"https:\/\/api.w.org\/{rel}","templated":true}]}}