{"id":323,"date":"2018-05-24T15:36:07","date_gmt":"2018-05-24T13:36:07","guid":{"rendered":"http:\/\/agardinapsugar.hu\/?page_id=323"},"modified":"2018-08-02T11:30:35","modified_gmt":"2018-08-02T09:30:35","slug":"megkozelithetoseg-es-parkolas","status":"publish","type":"page","link":"https:\/\/agardinapsugar.hu\/en\/megkozelithetoseg-es-parkolas\/","title":{"rendered":"Accessibility and parking"},"content":{"rendered":"<p>[et_pb_section fb_built=&#8221;1&#8243; _builder_version=&#8221;3.3.1&#8243; background_color=&#8221;rgba(0,0,0,0.7)&#8221; background_image=&#8221;http:\/\/agardinapsugar.hu\/wp-content\/uploads\/2018\/05\/velencei_to_napsugar_strand.jpg&#8221; background_blend=&#8221;overlay&#8221; custom_padding=&#8221;150px||150px||true&#8221;][et_pb_row use_custom_width=&#8221;on&#8221; width_unit=&#8221;off&#8221; use_custom_gutter=&#8221;on&#8221; gutter_width=&#8221;1&#8243; make_equal=&#8221;on&#8221; _builder_version=&#8221;3.3.1&#8243;][et_pb_column type=&#8221;4_4&#8243; _builder_version=&#8221;3.0.47&#8243; parallax=&#8221;off&#8221; parallax_method=&#8221;on&#8221;][et_pb_text _builder_version=&#8221;3.3.1&#8243; text_font=&#8221;||||||||&#8221; text_font_size=&#8221;25px&#8221; text_line_height=&#8221;1.4em&#8221; header_font=&#8221;Baumans||||||||&#8221; header_font_size=&#8221;55px&#8221; text_orientation=&#8221;center&#8221;]<\/p>\n<h1 style=\"text-align: center;\"><strong><span style=\"color: #ffffff;\">Accessibility and parking<\/span><\/strong><\/h1>\n<p>[\/et_pb_text][\/et_pb_column][\/et_pb_row][\/et_pb_section][et_pb_section fb_built=&#8221;1&#8243; module_id=&#8221;megkozelites&#8221; _builder_version=&#8221;3.4.1&#8243; custom_margin=&#8221;0px||0px|&#8221; custom_padding=&#8221;20px|0|20px||false|false&#8221; global_module=&#8221;67&#8243;][et_pb_row make_fullwidth=&#8221;on&#8221; use_custom_gutter=&#8221;on&#8221; gutter_width=&#8221;2&#8243; custom_padding_phone=&#8221;0px||0px|&#8221; make_equal=&#8221;on&#8221; custom_padding_last_edited=&#8221;on|phone&#8221; _builder_version=&#8221;3.3.1&#8243; custom_margin_phone=&#8221;0px||0px|&#8221; custom_margin_last_edited=&#8221;on|phone&#8221; custom_padding=&#8221;27px|0px|22px|0px|false|false&#8221;][et_pb_column type=&#8221;1_2&#8243; _builder_version=&#8221;3.0.47&#8243; parallax=&#8221;off&#8221; parallax_method=&#8221;on&#8221;][et_pb_blurb title=&#8221;Hol tal\u00e1lhat\u00f3 a velencei-tavi Napsug\u00e1r Strand?&#8221; content_max_width=&#8221;625px&#8221; _builder_version=&#8221;3.3.1&#8243; header_level=&#8221;h2&#8243; header_font=&#8221;|700|||||||&#8221; header_font_size_phone=&#8221;24px&#8221; header_font_size_last_edited=&#8221;on|phone&#8221; body_font=&#8221;||||||||&#8221; body_font_size=&#8221;18px&#8221; body_line_height=&#8221;1.4em&#8221; custom_margin=&#8221;30px||0px||false&#8221;]<\/p>\n<p class=\" translation-block\">The child- friendly Napsug\u00e1r Strand, which has a friendly environment and a sandy beach, is located in Ag\u00e1rd, directly on the shore of Lake Velence.<\/p>\n<p class=\" translation-block\">With us, you don't even have to worry about parking, as there are more than 250 parking spaces in the immediate vicinity of the Velencei-lake beach.<\/p>\n<p>[\/et_pb_blurb][et_pb_blurb title=&#8221;Vonattal \u00e9rkez\u0151knek az ag\u00e1rdi vas\u00fat\u00e1llom\u00e1son kell lesz\u00e1llni.&#8221; content_max_width=&#8221;625px&#8221; _builder_version=&#8221;3.6&#8243; header_level=&#8221;h2&#8243; header_font=&#8221;|700|||||||&#8221; header_font_size_phone=&#8221;24px&#8221; header_font_size_last_edited=&#8221;on|phone&#8221; body_font=&#8221;||||||||&#8221; body_font_size=&#8221;18px&#8221; body_line_height=&#8221;1.4em&#8221; custom_margin=&#8221;67px||0px||false&#8221;]<br \/>\n[\/et_pb_blurb][\/et_pb_column][et_pb_column type=&#8221;1_2&#8243; _builder_version=&#8221;3.0.47&#8243; parallax=&#8221;off&#8221; parallax_method=&#8221;on&#8221;][et_pb_code _builder_version=&#8221;3.3.1&#8243; text_orientation=&#8221;center&#8221;]&lt;iframe src=&quot;https:\/\/www.google.com\/maps\/embed?pb=!1m18!1m12!1m3!1d2710.9792751642376!2d18.599612315616348!3d47.197418179159754!2m3!1f0!2f0!3f0!3m2!1i1024!2i768!4f13.1!3m3!1m2!1s0x476a01e649a24e79%3A0xc8e2639a28f29008!2sNapsug%C3%A1r+Strand!5e0!3m2!1shu!2shu!4v1526651210549&quot; width=&quot;600&quot; height=&quot;300&quot; frameborder=&quot;0&quot; style=&quot;border:0&quot; allowfullscreen&gt;&lt;\/iframe&gt;[\/et_pb_code][\/et_pb_column][\/et_pb_row][\/et_pb_section][et_pb_section fb_built=&#8221;1&#8243; module_id=&#8221;arak&#8221; _builder_version=&#8221;3.6&#8243; background_color=&#8221;#f2f2f2&#8243; custom_margin=&#8221;0px||0px||true&#8221; custom_padding=&#8221;0||20px||false|false&#8221; global_module=&#8221;880&#8243;][et_pb_row make_fullwidth=&#8221;on&#8221; use_custom_gutter=&#8221;on&#8221; gutter_width=&#8221;1&#8243; _builder_version=&#8221;3.4.1&#8243;][et_pb_column type=&#8221;4_4&#8243; _builder_version=&#8221;3.0.47&#8243; parallax=&#8221;off&#8221; parallax_method=&#8221;on&#8221;][et_pb_cta title=&#8221;\u00c1rak \u00e9s nyitvatart\u00e1s&#8221; button_url=&#8221;https:\/\/agardinapsugar.hu\/arak\/&#8221; button_text=&#8221;Tudd meg most 2018-as bel\u00e9p\u0151jegy \u00e1rainkat!&#8221; _builder_version=&#8221;3.6&#8243; header_font=&#8221;|700|||||||&#8221; header_text_color=&#8221;#000000&#8243; header_font_size=&#8221;40px&#8221; header_font_size_phone=&#8221;36px&#8221; header_font_size_last_edited=&#8221;on|phone&#8221; body_font=&#8221;||||||||&#8221; body_text_color=&#8221;#000000&#8243; body_font_size=&#8221;18px&#8221; body_font_size_phone=&#8221;15px&#8221; body_font_size_last_edited=&#8221;on|phone&#8221; background_color=&#8221;#f2f2f2&#8243; custom_button=&#8221;on&#8221; button_text_size=&#8221;25px&#8221; button_text_color=&#8221;#ffffff&#8221; button_bg_color=&#8221;#e09900&#8243; button_border_color=&#8221;rgba(0,0,0,0)&#8221; button_font=&#8221;|700|||||||&#8221; button_icon=&#8221;%%117%%&#8221; button_text_size_phone=&#8221;22px&#8221; button_text_size_last_edited=&#8221;on|phone&#8221; custom_margin=&#8221;|150px||150px||true&#8221; custom_margin_phone=&#8221;|20px||20px&#8221; custom_margin_last_edited=&#8221;on|desktop&#8221; custom_padding=&#8221;|150px||150px||true&#8221; custom_padding_phone=&#8221;|0px||0px||true&#8221; custom_padding_last_edited=&#8221;on|phone&#8221;]<\/p>\n<p>L\u00e1togassatok meg minket id\u00e9n ny\u00e1ron \u00e9s pihenjetek egy <strong>slowly<\/strong> <strong>deepening<\/strong>, <strong>child friendly<\/strong> <strong>sandy<\/strong> <strong>parttal<\/strong> is rendelkez\u0151 strandon a Velencei-t\u00f3 partj\u00e1n <strong>Ag\u00e1rdon<\/strong>!<\/p>\n<p>[\/et_pb_cta][\/et_pb_column][\/et_pb_row][\/et_pb_section]<\/p>","protected":false},"excerpt":{"rendered":"<p>[et_pb_section fb_built=&#8221;1&#8243; _builder_version=&#8221;3.3.1&#8243; background_color=&#8221;rgba(0,0,0,0.7)&#8221; background_image=&#8221;http:\/\/agardinapsugar.hu\/wp-content\/uploads\/2018\/05\/velencei_to_napsugar_strand.jpg&#8221; background_blend=&#8221;overlay&#8221; custom_padding=&#8221;150px||150px||true&#8221;][et_pb_row use_custom_width=&#8221;on&#8221; width_unit=&#8221;off&#8221; use_custom_gutter=&#8221;on&#8221; gutter_width=&#8221;1&#8243; make_equal=&#8221;on&#8221; _builder_version=&#8221;3.3.1&#8243;][et_pb_column type=&#8221;4_4&#8243; _builder_version=&#8221;3.0.47&#8243; parallax=&#8221;off&#8221; parallax_method=&#8221;on&#8221;][et_pb_text _builder_version=&#8221;3.3.1&#8243; text_font=&#8221;||||||||&#8221; text_font_size=&#8221;25px&#8221; text_line_height=&#8221;1.4em&#8221; header_font=&#8221;Baumans||||||||&#8221; header_font_size=&#8221;55px&#8221; text_orientation=&#8221;center&#8221;] Megk\u00f6zel\u00edt\u00e9s \u00e9s parkol\u00e1s [\/et_pb_text][\/et_pb_column][\/et_pb_row][\/et_pb_section][et_pb_section fb_built=&#8221;1&#8243; module_id=&#8221;megkozelites&#8221; _builder_version=&#8221;3.4.1&#8243; custom_margin=&#8221;0px||0px|&#8221; custom_padding=&#8221;20px|0|20px||false|false&#8221; global_module=&#8221;67&#8243;][et_pb_row make_fullwidth=&#8221;on&#8221; use_custom_gutter=&#8221;on&#8221; gutter_width=&#8221;2&#8243; custom_padding_phone=&#8221;0px||0px|&#8221; make_equal=&#8221;on&#8221; custom_padding_last_edited=&#8221;on|phone&#8221; _builder_version=&#8221;3.3.1&#8243; custom_margin_phone=&#8221;0px||0px|&#8221; custom_margin_last_edited=&#8221;on|phone&#8221; custom_padding=&#8221;27px|0px|22px|0px|false|false&#8221;][et_pb_column type=&#8221;1_2&#8243; _builder_version=&#8221;3.0.47&#8243; parallax=&#8221;off&#8221; parallax_method=&#8221;on&#8221;][et_pb_blurb title=&#8221;Hol tal\u00e1lhat\u00f3 a velencei-tavi Napsug\u00e1r Strand?&#8221; content_max_width=&#8221;625px&#8221; [&hellip;]<\/p>","protected":false},"author":4,"featured_media":0,"parent":0,"menu_order":0,"comment_status":"closed","ping_status":"closed","template":"","meta":[],"_links":{"self":[{"href":"https:\/\/agardinapsugar.hu\/en\/wp-json\/wp\/v2\/pages\/323"}],"collection":[{"href":"https:\/\/agardinapsugar.hu\/en\/wp-json\/wp\/v2\/pages"}],"about":[{"href":"https:\/\/agardinapsugar.hu\/en\/wp-json\/wp\/v2\/types\/page"}],"author":[{"embeddable":true,"href":"https:\/\/agardinapsugar.hu\/en\/wp-json\/wp\/v2\/users\/4"}],"replies":[{"embeddable":true,"href":"https:\/\/agardinapsugar.hu\/en\/wp-json\/wp\/v2\/comments?post=323"}],"version-history":[{"count":11,"href":"https:\/\/agardinapsugar.hu\/en\/wp-json\/wp\/v2\/pages\/323\/revisions"}],"predecessor-version":[{"id":1202,"href":"https:\/\/agardinapsugar.hu\/en\/wp-json\/wp\/v2\/pages\/323\/revisions\/1202"}],"wp:attachment":[{"href":"https:\/\/agardinapsugar.hu\/en\/wp-json\/wp\/v2\/media?parent=323"}],"curies":[{"name":"wp","href":"https:\/\/api.w.org\/{rel}","templated":true}]}}