{"id":299,"date":"2018-05-24T15:17:36","date_gmt":"2018-05-24T13:17:36","guid":{"rendered":"http:\/\/agardinapsugar.hu\/?page_id=299"},"modified":"2020-02-27T10:46:07","modified_gmt":"2020-02-27T09:46:07","slug":"bufek","status":"publish","type":"page","link":"https:\/\/agardinapsugar.hu\/en\/bufek\/","title":{"rendered":"Buffets"},"content":{"rendered":"<p>[et_pb_section bb_built=&#8221;1&#8243; _builder_version=&#8221;3.3.1&#8243; background_color=&#8221;rgba(0,0,0,0.7)&#8221; background_image=&#8221;http:\/\/agardinapsugar.hu\/wp-content\/uploads\/2018\/05\/bufek-velencei-to.jpg&#8221; background_blend=&#8221;overlay&#8221; custom_padding=&#8221;150px||150px||true&#8221; next_background_color=&#8221;#f2f2f2&#8243;][et_pb_row use_custom_width=&#8221;on&#8221; width_unit=&#8221;off&#8221; use_custom_gutter=&#8221;on&#8221; gutter_width=&#8221;1&#8243; make_equal=&#8221;on&#8221; _builder_version=&#8221;3.6&#8243;][et_pb_column type=&#8221;4_4&#8243;][et_pb_text _builder_version=&#8221;3.6&#8243; text_font=&#8221;||||||||&#8221; text_font_size=&#8221;25px&#8221; text_line_height=&#8221;1.4em&#8221; header_font=&#8221;Baumans||||||||&#8221; header_font_size=&#8221;55px&#8221; header_font_size_phone=&#8221;40px&#8221; header_font_size_last_edited=&#8221;on|phone&#8221; text_orientation=&#8221;center&#8221; custom_margin=&#8221;||20px|&#8221;]<\/p>\n<h1 style=\"text-align: center;\"><span style=\"color: #ffffff;\"><b>Buffets<\/b><\/span><\/h1>\n<p>[\/et_pb_text][et_pb_text _builder_version=&#8221;3.3.1&#8243; text_font=&#8221;||||||||&#8221; text_font_size=&#8221;25px&#8221; text_line_height=&#8221;1.4em&#8221; header_font=&#8221;||||||||&#8221; header_2_font=&#8221;||||||||&#8221; header_2_font_size_phone=&#8221;20px&#8221; header_2_font_size_last_edited=&#8221;on|phone&#8221; text_orientation=&#8221;center&#8221;]<\/p>\n<h2 style=\"text-align: center;\"><strong><span style=\"color: #ffffff;\">Unadulterated beach food is an essential part of going to the beach! All of these can be found on the Sun Beach without exception.<\/span><\/strong><\/h2>\n<p>[\/et_pb_text][\/et_pb_column][\/et_pb_row][\/et_pb_section][et_pb_section bb_built=&#8221;1&#8243; _builder_version=&#8221;3.3.1&#8243; background_color=&#8221;#f2f2f2&#8243; custom_margin=&#8221;0px|0px|0px|0px&#8221; custom_padding=&#8221;20px|0px|20px|0px|true&#8221; prev_background_color=&#8221;rgba(0,0,0,0.7)&#8221; next_background_color=&#8221;#ffffff&#8221;][et_pb_row make_fullwidth=&#8221;on&#8221; use_custom_gutter=&#8221;on&#8221; gutter_width=&#8221;2&#8243; make_equal=&#8221;on&#8221; _builder_version=&#8221;3.3.1&#8243;][et_pb_column type=&#8221;4_4&#8243;][et_pb_text _builder_version=&#8221;3.3.1&#8243; text_font=&#8221;||||||||&#8221; text_font_size=&#8221;22px&#8221; text_font_size_phone=&#8221;16px&#8221; text_font_size_last_edited=&#8221;on|phone&#8221; text_line_height=&#8221;1.4em&#8221;]<\/p>\n<p style=\"text-align: center;\">The <strong>On the Napsug\u00e1r<\/strong> <strong>beach<\/strong> beside the usual beach meals <strong>offers<\/strong> <strong>some<\/strong> <strong>unique<\/strong> <strong>meals<\/strong> also.<\/p>\n<p>[\/et_pb_text][\/et_pb_column][\/et_pb_row][\/et_pb_section][et_pb_section bb_built=&#8221;1&#8243; _builder_version=&#8221;3.3.1&#8243; custom_margin=&#8221;0px||0px|&#8221; custom_padding=&#8221;0px||0px|&#8221; prev_background_color=&#8221;#f2f2f2&#8243; next_background_color=&#8221;#f2f2f2&#8243;][et_pb_row make_fullwidth=&#8221;on&#8221; use_custom_gutter=&#8221;on&#8221; gutter_width=&#8221;1&#8243; custom_padding=&#8221;0px||0px|&#8221; make_equal=&#8221;on&#8221; bg_img_2=&#8221;http:\/\/agardinapsugar.hu\/wp-content\/uploads\/2018\/05\/napsugar-bufe.jpg&#8221; disabled_on=&#8221;on|off|off&#8221; _builder_version=&#8221;3.3.1&#8243; module_alignment=&#8221;center&#8221;][et_pb_column type=&#8221;1_2&#8243;][et_pb_blurb title=&#8221;Strand %22klasszikusok%22 \u00e9s egyedi finoms\u00e1gok&#8221; content_max_width=&#8221;625px&#8221; _builder_version=&#8221;3.6&#8243; header_level=&#8221;h2&#8243; header_font=&#8221;|700|||||||&#8221; body_font_size=&#8221;18px&#8221; body_line_height=&#8221;1.4em&#8221; custom_margin=&#8221;90px||90px||true&#8221;]<\/p>\n<p>On a beach essentials l\u00e1ngos und pancake taste <strong>drinks<\/strong> <strong>burgers<\/strong>grilled <strong>fishes<\/strong> or even <strong>salads.<\/strong>Every of our meals <strong>will be<\/strong> <strong>prepared<\/strong>of higher quality!<\/p>\n<p>[\/et_pb_blurb][\/et_pb_column][et_pb_column type=&#8221;1_2&#8243;][\/et_pb_column][\/et_pb_row][et_pb_row make_fullwidth=&#8221;on&#8221; use_custom_gutter=&#8221;on&#8221; gutter_width=&#8221;1&#8243; custom_padding=&#8221;0px||0px|&#8221; make_equal=&#8221;on&#8221; disabled_on=&#8221;off|on|on&#8221; _builder_version=&#8221;3.3.1&#8243; module_alignment=&#8221;center&#8221;][et_pb_column type=&#8221;1_2&#8243;][et_pb_image src=&#8221;http:\/\/agardinapsugar.hu\/wp-content\/uploads\/2018\/05\/napsugar-bufe.jpg&#8221; _builder_version=&#8221;3.3.1&#8243;]<br \/>\n[\/et_pb_image][\/et_pb_column][et_pb_column type=&#8221;1_2&#8243;][et_pb_blurb title=&#8221;Napsug\u00e1r b\u00fcf\u00e9&#8221; content_max_width=&#8221;625px&#8221; _builder_version=&#8221;3.3.1&#8243; header_level=&#8221;h2&#8243; header_font=&#8221;|700|||||||&#8221; header_font_size_phone=&#8221;26px&#8221; header_font_size_last_edited=&#8221;on|phone&#8221; body_font=&#8221;||||||||&#8221; body_font_size=&#8221;18px&#8221; body_font_size_phone=&#8221;16px&#8221; body_font_size_last_edited=&#8221;on|phone&#8221; body_line_height=&#8221;1.4em&#8221; custom_margin=&#8221;90px||90px||true&#8221; custom_margin_phone=&#8221;30px|15px|30px|15px|true|true&#8221; custom_margin_last_edited=&#8221;on|phone&#8221;]<\/p>\n<p>K\u00f3stolja meg <strong>drinks<\/strong> <strong>burgers<\/strong>grilled <strong>fishes<\/strong> or even <strong>salads.<\/strong>Every of our meals <strong>will be<\/strong> <strong>prepared<\/strong>of higher quality!<\/p>\n<p>[\/et_pb_blurb][\/et_pb_column][\/et_pb_row][et_pb_row make_fullwidth=&#8221;on&#8221; use_custom_gutter=&#8221;on&#8221; gutter_width=&#8221;1&#8243; custom_padding=&#8221;0px||0px|&#8221; make_equal=&#8221;on&#8221; bg_img_1=&#8221;http:\/\/agardinapsugar.hu\/wp-content\/uploads\/2018\/05\/kurtoskalacs-velencei-to.jpg&#8221; disabled_on=&#8221;on|off|off&#8221; _builder_version=&#8221;3.3.1&#8243; background_color=&#8221;#f2f2f2&#8243; module_alignment=&#8221;center&#8221;][et_pb_column type=&#8221;1_2&#8243;][\/et_pb_column][et_pb_column type=&#8221;1_2&#8243;][et_pb_blurb title=&#8221;K\u00fcrt\u0151skal\u00e1cs, fagyi&#8221; content_max_width=&#8221;625px&#8221; _builder_version=&#8221;3.3.1&#8243; header_level=&#8221;h2&#8243; header_font=&#8221;|700|||||||&#8221; body_font=&#8221;||||||||&#8221; body_font_size=&#8221;18px&#8221; body_line_height=&#8221;1.4em&#8221; custom_margin=&#8221;90px||90px||true&#8221;]<\/p>\n<p>What <strong>about<\/strong> <strong>a little<\/strong> sweets? <strong>On the Napsug\u00e1r<\/strong> <strong>beach<\/strong> there is several possibility! <strong>Tradicional<\/strong> <strong>our<\/strong> <strong>k\u00fcrt\u0151skal\u00e1csot<\/strong> or even <strong>ice-creams<\/strong> also!<\/p>\n<p>[\/et_pb_blurb][\/et_pb_column][\/et_pb_row][et_pb_row make_fullwidth=&#8221;on&#8221; use_custom_gutter=&#8221;on&#8221; gutter_width=&#8221;1&#8243; custom_padding=&#8221;0px||0px|&#8221; make_equal=&#8221;on&#8221; disabled_on=&#8221;off|on|on&#8221; _builder_version=&#8221;3.3.1&#8243; background_color=&#8221;#f2f2f2&#8243; module_alignment=&#8221;center&#8221;][et_pb_column type=&#8221;1_2&#8243;][et_pb_image src=&#8221;http:\/\/agardinapsugar.hu\/wp-content\/uploads\/2018\/05\/kurtoskalacs-velencei-to.jpg&#8221; _builder_version=&#8221;3.3.1&#8243;]<br \/>\n[\/et_pb_image][\/et_pb_column][et_pb_column type=&#8221;1_2&#8243;][et_pb_blurb title=&#8221;K\u00fcrt\u0151skal\u00e1cs, fagyi&#8221; content_max_width=&#8221;625px&#8221; _builder_version=&#8221;3.3.1&#8243; header_level=&#8221;h2&#8243; header_font=&#8221;|700|||||||&#8221; header_font_size_phone=&#8221;26px&#8221; header_font_size_last_edited=&#8221;on|phone&#8221; body_font=&#8221;||||||||&#8221; body_font_size=&#8221;18px&#8221; body_font_size_phone=&#8221;16px&#8221; body_font_size_last_edited=&#8221;on|phone&#8221; body_line_height=&#8221;1.4em&#8221; custom_margin=&#8221;90px||90px||true&#8221; custom_margin_phone=&#8221;30px|15px|30px|15px|true|true&#8221; custom_margin_last_edited=&#8221;on|phone&#8221;]<\/p>\n<p>What <strong>about<\/strong> <strong>a little<\/strong> sweets? <strong>On the Napsug\u00e1r<\/strong> <strong>beach<\/strong> there is several possibility! <strong>Tradicional<\/strong> <strong>our<\/strong> <strong>k\u00fcrt\u0151skal\u00e1csot<\/strong> or even <strong>ice-creams<\/strong> also!<\/p>\n<p>[\/et_pb_blurb][\/et_pb_column][\/et_pb_row][et_pb_row make_fullwidth=&#8221;on&#8221; use_custom_gutter=&#8221;on&#8221; gutter_width=&#8221;1&#8243; custom_padding=&#8221;0px||0px|&#8221; make_equal=&#8221;on&#8221; bg_img_2=&#8221;http:\/\/agardinapsugar.hu\/wp-content\/uploads\/2018\/05\/kemuves-termekek-velencei-to.jpg&#8221; background_position_2=&#8221;center&#8221; disabled_on=&#8221;on|off|off&#8221; _builder_version=&#8221;3.3.1&#8243; background_color=&#8221;#ffffff&#8221; module_alignment=&#8221;center&#8221;][et_pb_column type=&#8221;1_2&#8243;][et_pb_blurb title=&#8221;K\u00e9zm\u0171ves \u00ednyencs\u00e9gek&#8221; content_max_width=&#8221;625px&#8221; _builder_version=&#8221;3.3.1&#8243; header_level=&#8221;h2&#8243; header_font=&#8221;|700|||||||&#8221; body_font=&#8221;||||||||&#8221; body_font_size=&#8221;18px&#8221; body_line_height=&#8221;1.4em&#8221; custom_margin=&#8221;90px||90px||true&#8221;]<\/p>\n<p>Not only the foods <strong>but<\/strong> <strong>our<\/strong> drinks <strong>have<\/strong> to be tasted! <strong>drinks<\/strong> <strong>or beers<\/strong>.<\/p>\n<p>[\/et_pb_blurb][\/et_pb_column][et_pb_column type=&#8221;1_2&#8243;][\/et_pb_column][\/et_pb_row][et_pb_row make_fullwidth=&#8221;on&#8221; use_custom_gutter=&#8221;on&#8221; gutter_width=&#8221;1&#8243; custom_padding=&#8221;0px||0px|&#8221; make_equal=&#8221;on&#8221; disabled_on=&#8221;off|on|on&#8221; _builder_version=&#8221;3.3.1&#8243; background_color=&#8221;#ffffff&#8221; module_alignment=&#8221;center&#8221;][et_pb_column type=&#8221;1_2&#8243;][et_pb_image src=&#8221;http:\/\/agardinapsugar.hu\/wp-content\/uploads\/2018\/05\/kemuves-termekek-velencei-to.jpg&#8221; _builder_version=&#8221;3.3.1&#8243;]<br \/>\n[\/et_pb_image][\/et_pb_column][et_pb_column type=&#8221;1_2&#8243;][et_pb_blurb title=&#8221;K\u00e9zm\u0171ves \u00ednyencs\u00e9gek&#8221; content_max_width=&#8221;625px&#8221; _builder_version=&#8221;3.3.1&#8243; header_level=&#8221;h2&#8243; header_font=&#8221;|700|||||||&#8221; header_font_size_phone=&#8221;26px&#8221; header_font_size_last_edited=&#8221;on|phone&#8221; body_font=&#8221;||||||||&#8221; body_font_size=&#8221;18px&#8221; body_font_size_phone=&#8221;16px&#8221; body_font_size_last_edited=&#8221;on|phone&#8221; body_line_height=&#8221;1.4em&#8221; custom_margin=&#8221;90px||90px||true&#8221; custom_margin_phone=&#8221;30px|15px|30px|15px|true|true&#8221; custom_margin_last_edited=&#8221;on|phone&#8221;]<\/p>\n<p>Not only the foods <strong>but<\/strong> <strong>our<\/strong> drinks <strong>have<\/strong> to be tasted! <strong>drinks<\/strong> <strong>or beers<\/strong>.<\/p>\n<p>[\/et_pb_blurb][\/et_pb_column][\/et_pb_row][\/et_pb_section][et_pb_section bb_built=&#8221;1&#8243; module_id=&#8221;arak&#8221; _builder_version=&#8221;3.6&#8243; background_color=&#8221;#f2f2f2&#8243; custom_margin=&#8221;0px||0px||true&#8221; custom_padding=&#8221;0||20px||false|false&#8221; prev_background_color=&#8221;#ffffff&#8221; next_background_color=&#8221;#ffffff&#8221; global_module=&#8221;880&#8243;][et_pb_row global_parent=&#8221;880&#8243; make_fullwidth=&#8221;on&#8221; use_custom_gutter=&#8221;on&#8221; gutter_width=&#8221;1&#8243; _builder_version=&#8221;3.4.1&#8243;][et_pb_column type=&#8221;4_4&#8243;][et_pb_cta global_parent=&#8221;880&#8243; title=&#8221;\u00c1rak \u00e9s nyitvatart\u00e1s&#8221; button_url=&#8221;https:\/\/agardinapsugar.hu\/arak\/&#8221; button_text=&#8221;Tudd meg most 2019-es bel\u00e9p\u0151jegy \u00e1rainkat!&#8221; _builder_version=&#8221;3.6&#8243; header_font=&#8221;|700|||||||&#8221; header_text_color=&#8221;#000000&#8243; header_font_size=&#8221;40px&#8221; header_font_size_phone=&#8221;36px&#8221; header_font_size_last_edited=&#8221;on|phone&#8221; body_font=&#8221;||||||||&#8221; body_text_color=&#8221;#000000&#8243; body_font_size=&#8221;18px&#8221; body_font_size_phone=&#8221;15px&#8221; body_font_size_last_edited=&#8221;on|phone&#8221; background_color=&#8221;#f2f2f2&#8243; custom_button=&#8221;on&#8221; button_text_size=&#8221;25px&#8221; button_text_color=&#8221;#ffffff&#8221; button_bg_color=&#8221;#e09900&#8243; button_border_color=&#8221;rgba(0,0,0,0)&#8221; button_font=&#8221;|700|||||||&#8221; button_icon=&#8221;%%117%%&#8221; button_text_size_phone=&#8221;22px&#8221; button_text_size_last_edited=&#8221;on|phone&#8221; custom_margin=&#8221;|150px||150px||true&#8221; custom_margin_phone=&#8221;|20px||20px&#8221; custom_margin_last_edited=&#8221;on|desktop&#8221; custom_padding=&#8221;|150px||150px||true&#8221; custom_padding_phone=&#8221;|0px||0px||true&#8221; custom_padding_last_edited=&#8221;on|phone&#8221;]<\/p>\n<p>L\u00e1togassatok meg minket id\u00e9n ny\u00e1ron \u00e9s pihenjetek egy <strong>slowly<\/strong> <strong>deepening<\/strong>, <strong>child friendly<\/strong> <strong>sandy<\/strong> <strong>parttal<\/strong> is rendelkez\u0151 strandon a Velencei-t\u00f3 partj\u00e1n <strong>Ag\u00e1rdon<\/strong>!<\/p>\n<p>[\/et_pb_cta][\/et_pb_column][\/et_pb_row][\/et_pb_section][et_pb_section bb_built=&#8221;1&#8243; module_id=&#8221;megkozelites&#8221; _builder_version=&#8221;3.4.1&#8243; custom_margin=&#8221;0px||0px|&#8221; custom_padding=&#8221;20px|0|20px||false|false&#8221; prev_background_color=&#8221;#f2f2f2&#8243; global_module=&#8221;67&#8243;][et_pb_row global_parent=&#8221;67&#8243; make_fullwidth=&#8221;on&#8221; use_custom_gutter=&#8221;on&#8221; gutter_width=&#8221;2&#8243; custom_padding=&#8221;27px|0px|22px|0px|false|false&#8221; custom_padding_phone=&#8221;0px||0px|&#8221; make_equal=&#8221;on&#8221; custom_padding_last_edited=&#8221;on|phone&#8221; _builder_version=&#8221;3.3.1&#8243; custom_margin_phone=&#8221;0px||0px|&#8221; custom_margin_last_edited=&#8221;on|phone&#8221;][et_pb_column type=&#8221;1_2&#8243;][et_pb_blurb global_parent=&#8221;67&#8243; title=&#8221;Hol tal\u00e1lhat\u00f3 a velencei-tavi Napsug\u00e1r Strand?&#8221; content_max_width=&#8221;625px&#8221; _builder_version=&#8221;3.3.1&#8243; header_level=&#8221;h2&#8243; header_font=&#8221;|700|||||||&#8221; header_font_size_phone=&#8221;24px&#8221; header_font_size_last_edited=&#8221;on|phone&#8221; body_font=&#8221;||||||||&#8221; body_font_size=&#8221;18px&#8221; body_line_height=&#8221;1.4em&#8221; custom_margin=&#8221;30px||0px||false&#8221;]<\/p>\n<p class=\" translation-block\">The child- friendly Napsug\u00e1r Strand, which has a friendly environment and a sandy beach, is located in Ag\u00e1rd, directly on the shore of Lake Velence.<\/p>\n<p class=\" translation-block\">With us, you don't even have to worry about parking, as there are more than 250 parking spaces in the immediate vicinity of the Velencei-lake beach.<\/p>\n<p>[\/et_pb_blurb][et_pb_blurb global_parent=&#8221;67&#8243; title=&#8221;Vonattal \u00e9rkez\u0151knek az ag\u00e1rdi vas\u00fat\u00e1llom\u00e1son kell lesz\u00e1llni.&#8221; content_max_width=&#8221;625px&#8221; _builder_version=&#8221;3.6&#8243; header_level=&#8221;h2&#8243; header_font=&#8221;|700|||||||&#8221; header_font_size_phone=&#8221;24px&#8221; header_font_size_last_edited=&#8221;on|phone&#8221; body_font=&#8221;||||||||&#8221; body_font_size=&#8221;18px&#8221; body_line_height=&#8221;1.4em&#8221; custom_margin=&#8221;30px||0px||false&#8221; \/][\/et_pb_column][et_pb_column type=&#8221;1_2&#8243;][et_pb_code global_parent=&#8221;67&#8243; _builder_version=&#8221;3.3.1&#8243; text_orientation=&#8221;center&#8221;]&lt;iframe src=&#8221;https:\/\/www.google.com\/maps\/embed?pb=!1m18!1m12!1m3!1d2710.9792751642376!2d18.599612315616348!3d47.197418179159754!2m3!1f0!2f0!3f0!3m2!1i1024!2i768!4f13.1!3m3!1m2!1s0x476a01e649a24e79%3A0xc8e2639a28f29008!2sNapsug%C3%A1r+Strand!5e0!3m2!1shu!2shu!4v1526651210549&#8243; width=&#8221;600&#8243; height=&#8221;300&#8243; frameborder=&#8221;0&#8243; style=&#8221;border:0&#8243; allowfullscreen&gt;&lt;\/iframe&gt;[\/et_pb_code][\/et_pb_column][\/et_pb_row][\/et_pb_section]<\/p>","protected":false},"excerpt":{"rendered":"<p>[et_pb_section bb_built=&#8221;1&#8243; _builder_version=&#8221;3.3.1&#8243; background_color=&#8221;rgba(0,0,0,0.7)&#8221; background_image=&#8221;http:\/\/agardinapsugar.hu\/wp-content\/uploads\/2018\/05\/bufek-velencei-to.jpg&#8221; background_blend=&#8221;overlay&#8221; custom_padding=&#8221;150px||150px||true&#8221; next_background_color=&#8221;#f2f2f2&#8243;][et_pb_row use_custom_width=&#8221;on&#8221; width_unit=&#8221;off&#8221; use_custom_gutter=&#8221;on&#8221; gutter_width=&#8221;1&#8243; make_equal=&#8221;on&#8221; _builder_version=&#8221;3.6&#8243;][et_pb_column type=&#8221;4_4&#8243;][et_pb_text _builder_version=&#8221;3.6&#8243; text_font=&#8221;||||||||&#8221; text_font_size=&#8221;25px&#8221; text_line_height=&#8221;1.4em&#8221; header_font=&#8221;Baumans||||||||&#8221; header_font_size=&#8221;55px&#8221; header_font_size_phone=&#8221;40px&#8221; header_font_size_last_edited=&#8221;on|phone&#8221; text_orientation=&#8221;center&#8221; custom_margin=&#8221;||20px|&#8221;] B\u00fcf\u00e9k [\/et_pb_text][et_pb_text _builder_version=&#8221;3.3.1&#8243; text_font=&#8221;||||||||&#8221; text_font_size=&#8221;25px&#8221; text_line_height=&#8221;1.4em&#8221; header_font=&#8221;||||||||&#8221; header_2_font=&#8221;||||||||&#8221; header_2_font_size_phone=&#8221;20px&#8221; header_2_font_size_last_edited=&#8221;on|phone&#8221; text_orientation=&#8221;center&#8221;] A strandol\u00e1s elmaradhatatlan r\u00e9szei a hamis\u00edtatlan strand \u00e9telek! Ezek kiv\u00e9tel n\u00e9lk\u00fcl mind megtal\u00e1lhat\u00f3ak a Napsug\u00e1r Strandon. [\/et_pb_text][\/et_pb_column][\/et_pb_row][\/et_pb_section][et_pb_section bb_built=&#8221;1&#8243; _builder_version=&#8221;3.3.1&#8243; [&hellip;]<\/p>","protected":false},"author":4,"featured_media":0,"parent":0,"menu_order":0,"comment_status":"closed","ping_status":"closed","template":"","meta":[],"_links":{"self":[{"href":"https:\/\/agardinapsugar.hu\/en\/wp-json\/wp\/v2\/pages\/299"}],"collection":[{"href":"https:\/\/agardinapsugar.hu\/en\/wp-json\/wp\/v2\/pages"}],"about":[{"href":"https:\/\/agardinapsugar.hu\/en\/wp-json\/wp\/v2\/types\/page"}],"author":[{"embeddable":true,"href":"https:\/\/agardinapsugar.hu\/en\/wp-json\/wp\/v2\/users\/4"}],"replies":[{"embeddable":true,"href":"https:\/\/agardinapsugar.hu\/en\/wp-json\/wp\/v2\/comments?post=299"}],"version-history":[{"count":12,"href":"https:\/\/agardinapsugar.hu\/en\/wp-json\/wp\/v2\/pages\/299\/revisions"}],"predecessor-version":[{"id":1337,"href":"https:\/\/agardinapsugar.hu\/en\/wp-json\/wp\/v2\/pages\/299\/revisions\/1337"}],"wp:attachment":[{"href":"https:\/\/agardinapsugar.hu\/en\/wp-json\/wp\/v2\/media?parent=299"}],"curies":[{"name":"wp","href":"https:\/\/api.w.org\/{rel}","templated":true}]}}