{"id":1672,"date":"2025-03-24T08:59:32","date_gmt":"2025-03-24T07:59:32","guid":{"rendered":"https:\/\/agardinapsugar.hu\/?page_id=1672"},"modified":"2025-03-24T09:36:13","modified_gmt":"2025-03-24T08:36:13","slug":"ceges-rendezvenyek","status":"publish","type":"page","link":"https:\/\/agardinapsugar.hu\/en\/ceges-rendezvenyek\/","title":{"rendered":"C\u00e9ges rendezv\u00e9nyek"},"content":{"rendered":"<p>[et_pb_section fb_built=&#8221;1&#8243; _builder_version=&#8221;3.3.1&#8243; background_color=&#8221;rgba(0,0,0,0.7)&#8221; background_image=&#8221;http:\/\/agardinapsugar.hu\/wp-content\/uploads\/2018\/05\/gyerekbarat_strand_velencei_to.jpg&#8221; background_blend=&#8221;overlay&#8221; custom_padding=&#8221;150px||150px||true&#8221;][et_pb_row use_custom_width=&#8221;on&#8221; width_unit=&#8221;off&#8221; use_custom_gutter=&#8221;on&#8221; gutter_width=&#8221;1&#8243; make_equal=&#8221;on&#8221; _builder_version=&#8221;3.3.1&#8243;][et_pb_column type=&#8221;4_4&#8243; _builder_version=&#8221;3.0.47&#8243; parallax=&#8221;off&#8221; parallax_method=&#8221;on&#8221;][et_pb_text _builder_version=&#8221;3.3.1&#8243; text_font=&#8221;||||||||&#8221; text_font_size=&#8221;25px&#8221; text_line_height=&#8221;1.4em&#8221; header_font=&#8221;Baumans||||||||&#8221; header_font_size=&#8221;55px&#8221; header_font_size_phone=&#8221;40px&#8221; header_font_size_last_edited=&#8221;on|phone&#8221; text_orientation=&#8221;center&#8221; custom_margin=&#8221;||20px|&#8221;]<\/p>\n<h1 style=\"text-align: center;\"><strong><span style=\"color: #ffffff;\">C\u00e9ges rendezv\u00e9nyek<\/span><\/strong><\/h1>\n<p>[\/et_pb_text][et_pb_text _builder_version=&#8221;3.3.1&#8243; text_font=&#8221;||||||||&#8221; text_font_size=&#8221;25px&#8221; text_line_height=&#8221;1.4em&#8221; header_font=&#8221;||||||||&#8221; header_2_font=&#8221;||||||||&#8221; header_2_font_size_phone=&#8221;20px&#8221; header_2_font_size_last_edited=&#8221;on|phone&#8221; text_orientation=&#8221;center&#8221;]<\/p>\n<h2 style=\"text-align: center;\"><strong><span style=\"color: #ffffff;\">Kattintson a k\u00e9pre, \u00e9s fedezze fel, hogyan v\u00e1lhat a Velencei-t\u00f3 strandja a k\u00f6vetkez\u0151 nagyszab\u00e1s\u00fa rendezv\u00e9nye helysz\u00edn\u00e9v\u00e9! <\/span><\/strong><\/h2>\n<p>[\/et_pb_text][\/et_pb_column][\/et_pb_row][\/et_pb_section]<\/p>\n\n\n\n<p>[et_pb_section fb_built=&#8221;1&#8243; _builder_version=&#8221;3.3.1&#8243; background_color=&#8221;#f2f2f2&#8243; custom_margin=&#8221;0px|0px|0px|0px&#8221; custom_padding=&#8221;20px|0px|20px|0px|true&#8221;][et_pb_row make_fullwidth=&#8221;on&#8221; use_custom_gutter=&#8221;on&#8221; gutter_width=&#8221;2&#8243; make_equal=&#8221;on&#8221; _builder_version=&#8221;3.3.1&#8243;][et_pb_column type=&#8221;4_4&#8243; _builder_version=&#8221;3.0.47&#8243; parallax=&#8221;off&#8221; parallax_method=&#8221;on&#8221;][et_pb_text _builder_version=&#8221;3.3.1&#8243; text_font=&#8221;||||||||&#8221; text_font_size=&#8221;22px&#8221; text_font_size_phone=&#8221;16px&#8221; text_font_size_last_edited=&#8221;on|phone&#8221; text_line_height=&#8221;1.4em&#8221; max_width_phone=&#8221;100%&#8221; max_width_last_edited=&#8221;on|phone&#8221;]<\/p>\n\n\n\n<p class=\"has-text-align-center\">Ak\u00e1r egy eml\u00e9kezetes koncertet, izgalmas sportesem\u00e9nyt vagy egyedi c\u00e9ges programot tervez, itt minden adott a sikerhez: hatalmas szabadt\u00e9ri terek, v\u00edzparti hangulat \u00e9s profi infrastrukt\u00fara. <strong>Ne maradjon le a lehet\u0151s\u00e9gr\u0151l \u2013 hozza el m\u00e1rk\u00e1j\u00e1t a t\u00f3 partj\u00e1ra, \u00e9s teremtsen felejthetetlen \u00e9lm\u00e9nyt!<\/strong><\/p>\n\n\n\n<div class=\"wp-block-columns\">\n<div class=\"wp-block-column\" style=\"flex-basis:25%\"><\/div>\n\n\n\n<div class=\"wp-block-column\" style=\"flex-basis:50%\"><div class=\"_df_thumb\" id=\"df_1674\"  _slug=\"ceges-rendezvenyek\" data-title=\"ceges-rendezvenyek\" wpoptions=\"true\" thumb=\"https:\/\/agardinapsugar.hu\/wp-content\/uploads\/2025\/03\/Velencei-tavi-strandok_jav.2.jpg\" thumbtype=\"\" >C\u00e9ges rendezv\u00e9nyek<\/div><script class=\"df-shortcode-script\" nowprocket type=\"application\/javascript\">window.option_df_1674 = {\"outline\":[],\"backgroundColor\":\"#ffffff\",\"height\":\"1500\",\"autoEnableOutline\":\"false\",\"autoEnableThumbnail\":\"false\",\"overwritePDFOutline\":\"false\",\"direction\":\"1\",\"pageSize\":\"0\",\"controlsPosition\":\"bottom\",\"source\":\"https:\\\/\\\/agardinapsugar.hu\\\/wp-content\\\/uploads\\\/2025\\\/03\\\/Velencei-tavi-strandok_jav.2-1.pdf\",\"wpOptions\":\"true\"}; if(window.DFLIP && window.DFLIP.parseBooks){window.DFLIP.parseBooks();}<\/script>\n<\/div>\n\n\n\n<div class=\"wp-block-column\" style=\"flex-basis:25%\"><\/div>\n<\/div>","protected":false},"excerpt":{"rendered":"<p>[et_pb_section fb_built=&#8221;1&#8243; _builder_version=&#8221;3.3.1&#8243; background_color=&#8221;#f2f2f2&#8243; custom_margin=&#8221;0px|0px|0px|0px&#8221; custom_padding=&#8221;20px|0px|20px|0px|true&#8221;][et_pb_row make_fullwidth=&#8221;on&#8221; use_custom_gutter=&#8221;on&#8221; gutter_width=&#8221;2&#8243; make_equal=&#8221;on&#8221; _builder_version=&#8221;3.3.1&#8243;][et_pb_column type=&#8221;4_4&#8243; _builder_version=&#8221;3.0.47&#8243; parallax=&#8221;off&#8221; parallax_method=&#8221;on&#8221;][et_pb_text _builder_version=&#8221;3.3.1&#8243; text_font=&#8221;||||||||&#8221; text_font_size=&#8221;22px&#8221; text_font_size_phone=&#8221;16px&#8221; text_font_size_last_edited=&#8221;on|phone&#8221; text_line_height=&#8221;1.4em&#8221; max_width_phone=&#8221;100%&#8221; max_width_last_edited=&#8221;on|phone&#8221;] Ak\u00e1r egy eml\u00e9kezetes koncertet, izgalmas sportesem\u00e9nyt vagy egyedi c\u00e9ges programot tervez, itt minden adott a sikerhez: hatalmas szabadt\u00e9ri terek, v\u00edzparti hangulat \u00e9s profi infrastrukt\u00fara. Ne maradjon le a lehet\u0151s\u00e9gr\u0151l \u2013 hozza el [&hellip;]<\/p>","protected":false},"author":5,"featured_media":0,"parent":0,"menu_order":0,"comment_status":"closed","ping_status":"closed","template":"","meta":[],"_links":{"self":[{"href":"https:\/\/agardinapsugar.hu\/en\/wp-json\/wp\/v2\/pages\/1672"}],"collection":[{"href":"https:\/\/agardinapsugar.hu\/en\/wp-json\/wp\/v2\/pages"}],"about":[{"href":"https:\/\/agardinapsugar.hu\/en\/wp-json\/wp\/v2\/types\/page"}],"author":[{"embeddable":true,"href":"https:\/\/agardinapsugar.hu\/en\/wp-json\/wp\/v2\/users\/5"}],"replies":[{"embeddable":true,"href":"https:\/\/agardinapsugar.hu\/en\/wp-json\/wp\/v2\/comments?post=1672"}],"version-history":[{"count":4,"href":"https:\/\/agardinapsugar.hu\/en\/wp-json\/wp\/v2\/pages\/1672\/revisions"}],"predecessor-version":[{"id":1683,"href":"https:\/\/agardinapsugar.hu\/en\/wp-json\/wp\/v2\/pages\/1672\/revisions\/1683"}],"wp:attachment":[{"href":"https:\/\/agardinapsugar.hu\/en\/wp-json\/wp\/v2\/media?parent=1672"}],"curies":[{"name":"wp","href":"https:\/\/api.w.org\/{rel}","templated":true}]}}