{"id":150,"date":"2018-05-22T15:09:26","date_gmt":"2018-05-22T13:09:26","guid":{"rendered":"http:\/\/agardinapsugar.hu\/?page_id=150"},"modified":"2024-05-14T13:35:07","modified_gmt":"2024-05-14T11:35:07","slug":"kapcsolat","status":"publish","type":"page","link":"https:\/\/agardinapsugar.hu\/en\/kapcsolat\/","title":{"rendered":"Contact"},"content":{"rendered":"<p>[et_pb_section fb_built=&#8221;1&#8243; _builder_version=&#8221;3.3.1&#8243; background_color=&#8221;rgba(0,0,0,0.7)&#8221; background_image=&#8221;http:\/\/agardinapsugar.hu\/wp-content\/uploads\/2018\/05\/velencei_to_napsugar_strand.jpg&#8221; background_blend=&#8221;overlay&#8221; custom_padding=&#8221;150px||150px||true&#8221;][et_pb_row use_custom_width=&#8221;on&#8221; width_unit=&#8221;off&#8221; use_custom_gutter=&#8221;on&#8221; gutter_width=&#8221;1&#8243; make_equal=&#8221;on&#8221; _builder_version=&#8221;3.3.1&#8243;][et_pb_column type=&#8221;4_4&#8243; _builder_version=&#8221;3.0.47&#8243; parallax=&#8221;off&#8221; parallax_method=&#8221;on&#8221;][et_pb_text _builder_version=&#8221;3.3.1&#8243; text_font=&#8221;||||||||&#8221; text_font_size=&#8221;25px&#8221; text_line_height=&#8221;1.4em&#8221; header_font=&#8221;Baumans||||||||&#8221; header_font_size=&#8221;55px&#8221; text_orientation=&#8221;center&#8221;]<\/p>\n<h1 style=\"text-align: center;\"><strong><span style=\"color: #ffffff;\">Contact<\/span><\/strong><\/h1>\n<p>[\/et_pb_text][\/et_pb_column][\/et_pb_row][\/et_pb_section][et_pb_section fb_built=&#8221;1&#8243; _builder_version=&#8221;3.3.1&#8243; background_color=&#8221;#f2f2f2&#8243; custom_margin=&#8221;0px||0px||false&#8221; custom_padding=&#8221;20px||20px||true&#8221;][et_pb_row make_fullwidth=&#8221;on&#8221; use_custom_gutter=&#8221;on&#8221; gutter_width=&#8221;2&#8243; custom_padding=&#8221;20px|0px|10px|0px|false|false&#8221; custom_margin=&#8221;|||&#8221; make_equal=&#8221;on&#8221; _builder_version=&#8221;3.3.1&#8243;][et_pb_column type=&#8221;1_4&#8243; _builder_version=&#8221;3.0.47&#8243; parallax=&#8221;off&#8221; parallax_method=&#8221;on&#8221;][et_pb_blurb title=&#8221;C\u00edm&#8221; _builder_version=&#8221;3.3.1&#8243; header_level=&#8221;h2&#8243; header_font=&#8221;|700|||||||solid&#8221; header_font_size=&#8221;32px&#8221; body_font=&#8221;||||||||&#8221; body_font_size=&#8221;18px&#8221; text_orientation=&#8221;center&#8221; custom_margin=&#8221;0px||0px||true&#8221; custom_padding=&#8221;0px||0px||true&#8221;]2484 Ag\u00e1rd, Chernel Istv\u00e1n u. 1<\/p>\n<p>&nbsp;<br \/>\n[\/et_pb_blurb][\/et_pb_column][et_pb_column type=&#8221;1_4&#8243; _builder_version=&#8221;3.0.47&#8243; parallax=&#8221;off&#8221; parallax_method=&#8221;on&#8221;][et_pb_blurb title=&#8221;Facebook&#8221; _builder_version=&#8221;3.6&#8243; header_level=&#8221;h2&#8243; header_font=&#8221;|700|||||||&#8221; header_font_size=&#8221;32px&#8221; body_font_size=&#8221;18px&#8221; text_orientation=&#8221;center&#8221; custom_margin=&#8221;0px||0px||true&#8221; custom_padding=&#8221;0px||0px||true&#8221;]<a href=\"https:\/\/www.facebook.com\/AgardiNapsugarStrand\">https:\/\/www.facebook.com\/AgardiNapsugarStrand<\/a><br \/>\n[\/et_pb_blurb][\/et_pb_column][et_pb_column type=&#8221;1_4&#8243; _builder_version=&#8221;3.0.47&#8243; parallax=&#8221;off&#8221; parallax_method=&#8221;on&#8221;][et_pb_blurb title=&#8221;E-mail, telefon&#8221; _builder_version=&#8221;3.6&#8243; header_level=&#8221;h2&#8243; header_font=&#8221;|700|||||||&#8221; header_font_size=&#8221;32px&#8221; body_font_size=&#8221;18px&#8221; text_orientation=&#8221;center&#8221; custom_margin=&#8221;0px||0px||true&#8221; custom_padding=&#8221;0px||0px||true&#8221;]<\/p>\n<p><a href=\"mailto:info@gvu.hu\">info@gvu.hu<\/a><\/p>\n<p><a data-dtype=\"d3ph\" data-local-attribute=\"d3ph\" jscontroller=\"LWZElb\" href=\"https:\/\/www.google.com\/search?q=napsug%C3%A1r+strand&amp;sca_esv=16b87234c4719fc3&amp;sca_upv=1&amp;hl=hu&amp;authuser=0&amp;sxsrf=ADLYWILDVSGHSBWyzFkDFahl6al6WUAakA%3A1715673928275&amp;ei=SBtDZv-1EIr87_UPqLSm8AM&amp;udm=&amp;ved=0ahUKEwj_-a2414yGAxUK_rsIHSiaCT4Q4dUDCBA&amp;uact=5&amp;oq=napsug%C3%A1r+strand&amp;gs_lp=Egxnd3Mtd2l6LXNlcnAiEG5hcHN1Z8OhciBzdHJhbmQyCxAuGIAEGMcBGK8BMgUQABiABDIGEAAYFhgeMgYQABgWGB4yBhAAGBYYHjIGEAAYFhgeMgYQABgWGB4yAhAmMggQABiABBiiBDIaEC4YgAQYxwEYrwEYlwUY3AQY3gQY4ATYAQJIlzJQ7AdYtiVwAXgBkAEAmAGvAaABww6qAQQwLjE1uAEDyAEA-AEBmAIQoAL4EKgCFMICBxAjGCcY6gLCAhAQABgDGLQCGOoCGI8B2AEBwgIQEC4YAxi0AhjqAhiPAdgBAcICChAuGIAEGCcYigXCAgoQIxiABBgnGIoFwgIQEC4YgAQYxwEYJxiKBRivAcICERAuGIAEGLEDGNEDGIMBGMcBwgIIEC4YgAQYsQPCAgsQABiABBixAxiDAcICDhAuGIAEGLEDGIMBGIoFwgIXEC4YgAQYigUYlwUY3AQY3gQY4ATYAQLCAgQQIxgnwgIQEC4YgAQYQxjHARiKBRivAcICChAAGIAEGEMYigXCAgoQLhiABBhDGIoFwgIOEAAYgAQYsQMYgwEYigXCAgQQABgDwgIIEAAYgAQYsQPCAgsQLhiABBixAxiDAcICHxAuGIAEGEMYxwEYigUYrwEYlwUY3AQY3gQY4ATYAQLCAgUQLhiABMICCBAAGKIEGIkFmAMaugYGCAEQARgKugYGCAIQARgUkgcEMS4xNaAH8rQB&amp;sclient=gws-wiz-serp#\" jsdata=\"QKGTRc;_;BFZtyc\" jsaction=\"rcuQ6b:npT2md;F75qrd\" data-ved=\"2ahUKEwiypNXvg42GAxV4g_0HHWtoB14QkAgoAHoECFIQAw\"><span aria-label=\"H\u00edv\u00e1s: 06 30 144 7484\">+36 30 144 7484<\/span><\/a><\/p>\n<p>&nbsp;<\/p>\n<p>[\/et_pb_blurb][\/et_pb_column][et_pb_column type=&#8221;1_4&#8243; _builder_version=&#8221;3.0.47&#8243; parallax=&#8221;off&#8221; parallax_method=&#8221;on&#8221;][et_pb_blurb title=&#8221;Nyitva tart\u00e1s&#8221; _builder_version=&#8221;3.6&#8243; header_level=&#8221;h2&#8243; header_font=&#8221;|700|||||||&#8221; header_font_size=&#8221;32px&#8221; body_font_size=&#8221;18px&#8221; text_orientation=&#8221;center&#8221; custom_margin=&#8221;0px||0px||true&#8221; custom_padding=&#8221;0px||0px||true&#8221;]H\u00e9tf\u0151t\u0151l vas\u00e1rnapig: 08:00 &#8211; 20:00<br \/>\n[\/et_pb_blurb][\/et_pb_column][\/et_pb_row][\/et_pb_section][et_pb_section fb_built=&#8221;1&#8243; module_id=&#8221;megkozelites&#8221; _builder_version=&#8221;3.4.1&#8243; custom_margin=&#8221;0px||0px|&#8221; custom_padding=&#8221;20px|0|20px||false|false&#8221; global_module=&#8221;67&#8243;][et_pb_row make_fullwidth=&#8221;on&#8221; use_custom_gutter=&#8221;on&#8221; gutter_width=&#8221;2&#8243; custom_padding=&#8221;27px|0px|22px|0px|false|false&#8221; custom_padding_phone=&#8221;0px||0px|&#8221; make_equal=&#8221;on&#8221; custom_padding_last_edited=&#8221;on|phone&#8221; _builder_version=&#8221;3.3.1&#8243; custom_margin_phone=&#8221;0px||0px|&#8221; custom_margin_last_edited=&#8221;on|phone&#8221;][et_pb_column type=&#8221;1_2&#8243; _builder_version=&#8221;3.0.47&#8243; parallax=&#8221;off&#8221; parallax_method=&#8221;on&#8221;][et_pb_blurb title=&#8221;Hol tal\u00e1lhat\u00f3 a velencei-tavi Napsug\u00e1r Strand?&#8221; content_max_width=&#8221;625px&#8221; _builder_version=&#8221;3.3.1&#8243; header_level=&#8221;h2&#8243; header_font=&#8221;|700|||||||&#8221; header_font_size_phone=&#8221;24px&#8221; header_font_size_last_edited=&#8221;on|phone&#8221; body_font=&#8221;||||||||&#8221; body_font_size=&#8221;18px&#8221; body_line_height=&#8221;1.4em&#8221; custom_margin=&#8221;30px||0px||false&#8221;]<\/p>\n<p class=\" translation-block\">The child- friendly Napsug\u00e1r Strand, which has a friendly environment and a sandy beach, is located in Ag\u00e1rd, directly on the shore of Lake Velence.<\/p>\n<p class=\" translation-block\">With us, you don't even have to worry about parking, as there are more than 250 parking spaces in the immediate vicinity of the Velencei-lake beach.<\/p>\n<p>[\/et_pb_blurb][et_pb_blurb title=&#8221;Vonattal \u00e9rkez\u0151knek az ag\u00e1rdi vas\u00fat\u00e1llom\u00e1son kell lesz\u00e1llni.&#8221; content_max_width=&#8221;625px&#8221; _builder_version=&#8221;3.6&#8243; header_level=&#8221;h2&#8243; header_font=&#8221;|700|||||||&#8221; header_font_size_phone=&#8221;24px&#8221; header_font_size_last_edited=&#8221;on|phone&#8221; body_font=&#8221;||||||||&#8221; body_font_size=&#8221;18px&#8221; body_line_height=&#8221;1.4em&#8221; custom_margin=&#8221;30px||0px||false&#8221;][\/et_pb_blurb][\/et_pb_column][et_pb_column type=&#8221;1_2&#8243; _builder_version=&#8221;3.0.47&#8243; parallax=&#8221;off&#8221; parallax_method=&#8221;on&#8221;][et_pb_code _builder_version=&#8221;3.3.1&#8243; text_orientation=&#8221;center&#8221;]&lt;iframe src=&quot;https:\/\/www.google.com\/maps\/embed?pb=!1m18!1m12!1m3!1d2710.9792751642376!2d18.599612315616348!3d47.197418179159754!2m3!1f0!2f0!3f0!3m2!1i1024!2i768!4f13.1!3m3!1m2!1s0x476a01e649a24e79%3A0xc8e2639a28f29008!2sNapsug%C3%A1r+Strand!5e0!3m2!1shu!2shu!4v1526651210549&quot; width=&quot;600&quot; height=&quot;300&quot; frameborder=&quot;0&quot; style=&quot;border:0&quot; allowfullscreen&gt;&lt;\/iframe&gt;[\/et_pb_code][\/et_pb_column][\/et_pb_row][\/et_pb_section][et_pb_section fb_built=&#8221;1&#8243; module_id=&#8221;arak&#8221; _builder_version=&#8221;3.6&#8243; background_color=&#8221;#f2f2f2&#8243; custom_margin=&#8221;0px||0px||true&#8221; custom_padding=&#8221;0||20px||false|false&#8221; global_module=&#8221;880&#8243;][et_pb_row make_fullwidth=&#8221;on&#8221; use_custom_gutter=&#8221;on&#8221; gutter_width=&#8221;1&#8243; _builder_version=&#8221;3.6&#8243;][et_pb_column type=&#8221;4_4&#8243; _builder_version=&#8221;3.0.47&#8243; parallax=&#8221;off&#8221; parallax_method=&#8221;on&#8221;][\/et_pb_column][\/et_pb_row][\/et_pb_section]<\/p>","protected":false},"excerpt":{"rendered":"<p>[et_pb_section fb_built=&#8221;1&#8243; _builder_version=&#8221;3.3.1&#8243; background_color=&#8221;rgba(0,0,0,0.7)&#8221; background_image=&#8221;http:\/\/agardinapsugar.hu\/wp-content\/uploads\/2018\/05\/velencei_to_napsugar_strand.jpg&#8221; background_blend=&#8221;overlay&#8221; custom_padding=&#8221;150px||150px||true&#8221;][et_pb_row use_custom_width=&#8221;on&#8221; width_unit=&#8221;off&#8221; use_custom_gutter=&#8221;on&#8221; gutter_width=&#8221;1&#8243; make_equal=&#8221;on&#8221; _builder_version=&#8221;3.3.1&#8243;][et_pb_column type=&#8221;4_4&#8243; _builder_version=&#8221;3.0.47&#8243; parallax=&#8221;off&#8221; parallax_method=&#8221;on&#8221;][et_pb_text _builder_version=&#8221;3.3.1&#8243; text_font=&#8221;||||||||&#8221; text_font_size=&#8221;25px&#8221; text_line_height=&#8221;1.4em&#8221; header_font=&#8221;Baumans||||||||&#8221; header_font_size=&#8221;55px&#8221; text_orientation=&#8221;center&#8221;] Kapcsolat [\/et_pb_text][\/et_pb_column][\/et_pb_row][\/et_pb_section][et_pb_section fb_built=&#8221;1&#8243; _builder_version=&#8221;3.3.1&#8243; background_color=&#8221;#f2f2f2&#8243; custom_margin=&#8221;0px||0px||false&#8221; custom_padding=&#8221;20px||20px||true&#8221;][et_pb_row make_fullwidth=&#8221;on&#8221; use_custom_gutter=&#8221;on&#8221; gutter_width=&#8221;2&#8243; custom_padding=&#8221;20px|0px|10px|0px|false|false&#8221; custom_margin=&#8221;|||&#8221; make_equal=&#8221;on&#8221; _builder_version=&#8221;3.3.1&#8243;][et_pb_column type=&#8221;1_4&#8243; _builder_version=&#8221;3.0.47&#8243; parallax=&#8221;off&#8221; parallax_method=&#8221;on&#8221;][et_pb_blurb title=&#8221;C\u00edm&#8221; _builder_version=&#8221;3.3.1&#8243; header_level=&#8221;h2&#8243; header_font=&#8221;|700|||||||solid&#8221; header_font_size=&#8221;32px&#8221; body_font=&#8221;||||||||&#8221; body_font_size=&#8221;18px&#8221; text_orientation=&#8221;center&#8221; custom_margin=&#8221;0px||0px||true&#8221; custom_padding=&#8221;0px||0px||true&#8221;]2484 Ag\u00e1rd, Chernel Istv\u00e1n [&hellip;]<\/p>","protected":false},"author":4,"featured_media":0,"parent":0,"menu_order":0,"comment_status":"closed","ping_status":"closed","template":"","meta":[],"_links":{"self":[{"href":"https:\/\/agardinapsugar.hu\/en\/wp-json\/wp\/v2\/pages\/150"}],"collection":[{"href":"https:\/\/agardinapsugar.hu\/en\/wp-json\/wp\/v2\/pages"}],"about":[{"href":"https:\/\/agardinapsugar.hu\/en\/wp-json\/wp\/v2\/types\/page"}],"author":[{"embeddable":true,"href":"https:\/\/agardinapsugar.hu\/en\/wp-json\/wp\/v2\/users\/4"}],"replies":[{"embeddable":true,"href":"https:\/\/agardinapsugar.hu\/en\/wp-json\/wp\/v2\/comments?post=150"}],"version-history":[{"count":28,"href":"https:\/\/agardinapsugar.hu\/en\/wp-json\/wp\/v2\/pages\/150\/revisions"}],"predecessor-version":[{"id":1595,"href":"https:\/\/agardinapsugar.hu\/en\/wp-json\/wp\/v2\/pages\/150\/revisions\/1595"}],"wp:attachment":[{"href":"https:\/\/agardinapsugar.hu\/en\/wp-json\/wp\/v2\/media?parent=150"}],"curies":[{"name":"wp","href":"https:\/\/api.w.org\/{rel}","templated":true}]}}