{"id":12,"date":"2018-05-18T14:43:42","date_gmt":"2018-05-18T12:43:42","guid":{"rendered":"http:\/\/agardinapsugar.hu\/?page_id=12"},"modified":"2024-07-08T22:17:14","modified_gmt":"2024-07-08T20:17:14","slug":"homepage","status":"publish","type":"page","link":"https:\/\/agardinapsugar.hu\/en\/","title":{"rendered":"Homepage"},"content":{"rendered":"<p>[et_pb_section fb_built=&#8221;1&#8243; _builder_version=&#8221;3.6&#8243; background_color=&#8221;rgba(0,0,0,0.37)&#8221; background_position=&#8221;bottom_center&#8221; background_blend=&#8221;overlay&#8221; custom_padding=&#8221;57px||57px|0|false|false&#8221;][et_pb_row _builder_version=&#8221;3.6&#8243;][et_pb_column type=&#8221;4_4&#8243; _builder_version=&#8221;3.0.47&#8243; parallax=&#8221;off&#8221; parallax_method=&#8221;on&#8221;][et_pb_image src=&#8221;https:\/\/agardinapsugar.hu\/wp-content\/uploads\/2024\/06\/Napsugar-Strand-Agard_2-scaled.jpg&#8221; _builder_version=&#8221;3.6&#8243;][\/et_pb_image][\/et_pb_column][\/et_pb_row][\/et_pb_section][et_pb_section fb_built=&#8221;1&#8243; module_id=&#8221;napsugarstrand&#8221; _builder_version=&#8221;3.4.1&#8243; global_module=&#8221;179&#8243;][et_pb_row make_fullwidth=&#8221;on&#8221; use_custom_gutter=&#8221;on&#8221; gutter_width=&#8221;2&#8243; make_equal=&#8221;on&#8221; _builder_version=&#8221;3.3.1&#8243;][et_pb_column type=&#8221;1_3&#8243; _builder_version=&#8221;3.0.47&#8243; parallax=&#8221;off&#8221; parallax_method=&#8221;on&#8221;][et_pb_blurb title=&#8221;250 parkol\u00f3hely&#8221; image=&#8221;http:\/\/agardinapsugar.hu\/wp-content\/uploads\/2018\/05\/parkolo.png&#8221; image_max_width_phone=&#8221;80%&#8221; image_max_width_last_edited=&#8221;on|phone&#8221; _builder_version=&#8221;3.6&#8243; header_level=&#8221;h2&#8243; header_font=&#8221;|700|||||||&#8221; header_text_align=&#8221;center&#8221; header_font_size=&#8221;28px&#8221; body_font=&#8221;||||||||&#8221; body_font_size=&#8221;16px&#8221; text_orientation=&#8221;center&#8221; custom_margin=&#8221;|||&#8221; custom_margin_phone=&#8221;||20px|&#8221; custom_margin_last_edited=&#8221;on|phone&#8221;]<\/p>\n<p>The total of 4 parking lots, located in the immediate vicinity of the beach, makes parking really easy!<\/p>\n<p>Parking fee: 1.500 Ft\/day (car)<\/p>\n<p>[\/et_pb_blurb][\/et_pb_column][et_pb_column type=&#8221;1_3&#8243; _builder_version=&#8221;3.0.47&#8243; parallax=&#8221;off&#8221; parallax_method=&#8221;on&#8221;][et_pb_blurb title=&#8221;Homokos part&#8221; image=&#8221;http:\/\/agardinapsugar.hu\/wp-content\/uploads\/2018\/05\/homokos-part.png&#8221; image_max_width=&#8221;93%&#8221; image_max_width_phone=&#8221;80%&#8221; image_max_width_last_edited=&#8221;on|phone&#8221; _builder_version=&#8221;3.3.1&#8243; header_level=&#8221;h2&#8243; header_font=&#8221;|700|||||||&#8221; header_text_align=&#8221;center&#8221; header_font_size=&#8221;28px&#8221; body_font=&#8221;||||||||&#8221; body_font_size=&#8221;16px&#8221; text_orientation=&#8221;center&#8221; custom_margin=&#8221;|||&#8221; custom_margin_phone=&#8221;||20px|&#8221; custom_margin_last_edited=&#8221;on|phone&#8221;]<\/p>\n<p>There is no better feeling than walking along the slowly deepening sandy beach to cool off in the summer heat!<\/p>\n<p>[\/et_pb_blurb][\/et_pb_column][et_pb_column type=&#8221;1_3&#8243; _builder_version=&#8221;3.0.47&#8243; parallax=&#8221;off&#8221; parallax_method=&#8221;on&#8221;][et_pb_blurb title=&#8221;Gyerekbar\u00e1t strand&#8221; image=&#8221;http:\/\/agardinapsugar.hu\/wp-content\/uploads\/2018\/05\/gyerek-pancsolo.png&#8221; image_max_width=&#8221;85%&#8221; image_max_width_phone=&#8221;72%&#8221; image_max_width_last_edited=&#8221;on|phone&#8221; _builder_version=&#8221;3.3.1&#8243; header_level=&#8221;h2&#8243; header_font=&#8221;|700|||||||&#8221; header_text_align=&#8221;center&#8221; header_font_size=&#8221;28px&#8221; body_font=&#8221;||||||||&#8221; body_font_size=&#8221;16px&#8221; text_orientation=&#8221;center&#8221; custom_margin=&#8221;|||&#8221;]<\/p>\n<p>Numerous playgrounds and shaded areas make your days even more pleasant if you come with children. Not to mention the children's beach!<\/p>\n<p>[\/et_pb_blurb][\/et_pb_column][\/et_pb_row][\/et_pb_section][et_pb_section fb_built=&#8221;1&#8243; _builder_version=&#8221;3.3.1&#8243; background_color=&#8221;#f2f2f2&#8243; custom_margin=&#8221;0px|0px|0px|0px&#8221; custom_padding=&#8221;20px|0px|20px|0px|true&#8221;][et_pb_row make_fullwidth=&#8221;on&#8221; use_custom_gutter=&#8221;on&#8221; gutter_width=&#8221;2&#8243; make_equal=&#8221;on&#8221; _builder_version=&#8221;3.3.1&#8243;][et_pb_column type=&#8221;4_4&#8243; _builder_version=&#8221;3.0.47&#8243; parallax=&#8221;off&#8221; parallax_method=&#8221;on&#8221;][et_pb_text _builder_version=&#8221;3.3.1&#8243; text_font=&#8221;||||||||&#8221; text_font_size=&#8221;22px&#8221; text_font_size_phone=&#8221;16px&#8221; text_font_size_last_edited=&#8221;on|phone&#8221; text_line_height=&#8221;1.4em&#8221;]<\/p>\n<p style=\"text-align: center;\" class=\" translation-block\">When designing the renewed Napsug\u00e1r Beach, we put a lot of emphasis on ensuring that all age groups find something to do that is relaxing for them. Based on the feedback from our guests, we can proudly say that both families with small children  and children like to spend their summer days at Napsug\u00e1r Beach in Lake Velencei.<\/p>\n<p>[\/et_pb_text][\/et_pb_column][\/et_pb_row][\/et_pb_section][et_pb_section fb_built=&#8221;1&#8243; _builder_version=&#8221;3.3.1&#8243; custom_margin=&#8221;0px||0px|&#8221; custom_padding=&#8221;0px||0px|&#8221;][et_pb_row make_fullwidth=&#8221;on&#8221; use_custom_gutter=&#8221;on&#8221; gutter_width=&#8221;1&#8243; custom_padding=&#8221;0px||0px|&#8221; make_equal=&#8221;on&#8221; bg_img_2=&#8221;http:\/\/agardinapsugar.hu\/wp-content\/uploads\/2018\/05\/homokos_strand.jpg&#8221; disabled_on=&#8221;on|off|off&#8221; _builder_version=&#8221;3.3.1&#8243; module_alignment=&#8221;center&#8221;][et_pb_column type=&#8221;1_2&#8243; _builder_version=&#8221;3.0.47&#8243; parallax=&#8221;off&#8221; parallax_method=&#8221;on&#8221;][et_pb_blurb title=&#8221;Lassan m\u00e9ly\u00fcl\u0151 part&#8221; content_max_width=&#8221;625px&#8221; _builder_version=&#8221;3.3.1&#8243; header_level=&#8221;h2&#8243; header_font=&#8221;|700|||||||&#8221; body_font=&#8221;||||||||&#8221; body_font_size=&#8221;18px&#8221; body_line_height=&#8221;1.4em&#8221; custom_margin=&#8221;80px||80px||true&#8221;]Senki sem szeret \u00e9les k\u00f6veken l\u00e9pkedve, p\u00e1r l\u00e9p\u00e9st k\u00f6vet\u0151en egyb\u0151l nyakig \u00e9r\u0151 v\u00edzbe \u00e9rkezni. \u00c9pp ez\u00e9rt a <strong>homokkal<\/strong> <strong>bor\u00edtott<\/strong>, egyenletesen m\u00e9ly\u00fcl\u0151 <strong>partszakaszunk<\/strong> lehet\u0151v\u00e9 teszi sz\u00e1motokra a <strong>k\u00e9nyelmes<\/strong> and <strong>biztons\u00e1gos<\/strong> <strong>bejut\u00e1st<\/strong> a Velencei-t\u00f3ba. A v\u00edzben elhelyezett \u00e1rny\u00e9kol\u00f3knak k\u00f6sz\u00f6nhet\u0151en pedig m\u00e9g a napsz\u00far\u00e1st\u00f3l sem kell f\u00e9lnetek.[\/et_pb_blurb][\/et_pb_column][et_pb_column type=&#8221;1_2&#8243; _builder_version=&#8221;3.0.47&#8243; bg_img=&#8221;http:\/\/agardinapsugar.hu\/wp-content\/uploads\/2018\/05\/homokos_strand.jpg&#8221; parallax=&#8221;off&#8221; parallax_method=&#8221;on&#8221;][et_pb_video src=&#8221;https:\/\/youtu.be\/w2X9bgbFD_I&#8221; _builder_version=&#8221;3.6&#8243;][\/et_pb_video][\/et_pb_column][\/et_pb_row][et_pb_row make_fullwidth=&#8221;on&#8221; use_custom_gutter=&#8221;on&#8221; gutter_width=&#8221;1&#8243; custom_padding=&#8221;0px||0px|&#8221; make_equal=&#8221;on&#8221; disabled_on=&#8221;off|on|on&#8221; _builder_version=&#8221;3.3.1&#8243; module_alignment=&#8221;center&#8221;][et_pb_column type=&#8221;1_2&#8243; _builder_version=&#8221;3.0.47&#8243; parallax=&#8221;off&#8221; parallax_method=&#8221;on&#8221;][et_pb_video src=&#8221;https:\/\/youtu.be\/w2X9bgbFD_I&#8221; _builder_version=&#8221;3.6&#8243;][\/et_pb_video][\/et_pb_column][et_pb_column type=&#8221;1_2&#8243; _builder_version=&#8221;3.0.47&#8243; parallax=&#8221;off&#8221; parallax_method=&#8221;on&#8221;][et_pb_blurb title=&#8221;Lassan m\u00e9ly\u00fcl\u0151 part&#8221; content_max_width=&#8221;625px&#8221; _builder_version=&#8221;3.3.1&#8243; header_level=&#8221;h2&#8243; header_font=&#8221;|700|||||||&#8221; header_font_size_phone=&#8221;24px&#8221; header_font_size_last_edited=&#8221;on|phone&#8221; body_font=&#8221;||||||||&#8221; body_font_size=&#8221;18px&#8221; body_font_size_phone=&#8221;16px&#8221; body_font_size_last_edited=&#8221;on|phone&#8221; body_line_height=&#8221;1.4em&#8221; custom_margin=&#8221;30px|15px|30px|15px|true&#8221;]Senki sem szeret \u00e9les k\u00f6veken l\u00e9pkedve, p\u00e1r l\u00e9p\u00e9st k\u00f6vet\u0151en egyb\u0151l nyakig \u00e9r\u0151 v\u00edzbe \u00e9rkezni. \u00c9pp ez\u00e9rt a <strong>homokkal<\/strong> <strong>bor\u00edtott<\/strong>, egyenletesen m\u00e9ly\u00fcl\u0151 <strong>partszakaszunk<\/strong> lehet\u0151v\u00e9 teszi sz\u00e1motokra a <strong>k\u00e9nyelmes<\/strong> and <strong>biztons\u00e1gos<\/strong> <strong>bejut\u00e1st<\/strong> a Velencei-t\u00f3ba. A v\u00edzben elhelyezett \u00e1rny\u00e9kol\u00f3knak k\u00f6sz\u00f6nhet\u0151en pedig m\u00e9g a napsz\u00far\u00e1st\u00f3l sem kell f\u00e9lnetek.[\/et_pb_blurb][\/et_pb_column][\/et_pb_row][et_pb_row make_fullwidth=&#8221;on&#8221; use_custom_gutter=&#8221;on&#8221; gutter_width=&#8221;1&#8243; custom_padding=&#8221;0px||0px|&#8221; make_equal=&#8221;on&#8221; bg_img_1=&#8221;http:\/\/agardinapsugar.hu\/wp-content\/uploads\/2018\/05\/vizibicikli_velencei_to.jpg&#8221; disabled_on=&#8221;on|off|off&#8221; _builder_version=&#8221;3.3.1&#8243; background_color=&#8221;#f2f2f2&#8243; module_alignment=&#8221;center&#8221;][et_pb_column type=&#8221;1_2&#8243; _builder_version=&#8221;3.0.47&#8243; bg_img=&#8221;http:\/\/agardinapsugar.hu\/wp-content\/uploads\/2018\/05\/vizibicikli_velencei_to.jpg&#8221; parallax=&#8221;off&#8221; parallax_method=&#8221;on&#8221;][\/et_pb_column][et_pb_column type=&#8221;1_2&#8243; _builder_version=&#8221;3.0.47&#8243; parallax=&#8221;off&#8221; parallax_method=&#8221;on&#8221;][et_pb_blurb title=&#8221;V\u00edzibicikli \u00e9s SUP&#8221; content_max_width=&#8221;625px&#8221; _builder_version=&#8221;3.3.1&#8243; header_level=&#8221;h2&#8243; header_font=&#8221;|700|||||||&#8221; body_font=&#8221;||||||||&#8221; body_font_size=&#8221;18px&#8221; body_line_height=&#8221;1.4em&#8221; custom_margin=&#8221;80px||80px||true&#8221;]Nem maradhat el ny\u00e1r, v\u00edzibicikliz\u00e9s n\u00e9lk\u00fcl! Ezt j\u00f3l tudjuk mi is, ez\u00e9rt a Napsug\u00e1r <strong>beach<\/strong> <strong>inside<\/strong> <strong>possibility<\/strong> to rent <strong>a<\/strong> <strong>equipped with a<\/strong> a <strong>water bikes <\/strong>and other <strong>watercraft<\/strong>, mint a SUP \u00e9s kajak. Garant\u00e1ltan felejthetetlen \u00e9lm\u00e9ny lesz. Vigy\u00e1zat, nem csak gyerekeknek.[\/et_pb_blurb][\/et_pb_column][\/et_pb_row][et_pb_row make_fullwidth=&#8221;on&#8221; use_custom_gutter=&#8221;on&#8221; gutter_width=&#8221;1&#8243; custom_padding=&#8221;0px||0px|&#8221; make_equal=&#8221;on&#8221; disabled_on=&#8221;off|on|on&#8221; _builder_version=&#8221;3.3.1&#8243; background_color=&#8221;#f2f2f2&#8243; module_alignment=&#8221;center&#8221;][et_pb_column type=&#8221;1_2&#8243; _builder_version=&#8221;3.0.47&#8243; parallax=&#8221;off&#8221; parallax_method=&#8221;on&#8221;][et_pb_image src=&#8221;http:\/\/agardinapsugar.hu\/wp-content\/uploads\/2018\/05\/vizibicikli_velencei_to.jpg&#8221; _builder_version=&#8221;3.3.1&#8243;][\/et_pb_image][\/et_pb_column][et_pb_column type=&#8221;1_2&#8243; _builder_version=&#8221;3.0.47&#8243; parallax=&#8221;off&#8221; parallax_method=&#8221;on&#8221;][et_pb_blurb title=&#8221;V\u00edzibicikli \u00e9s SUP&#8221; content_max_width=&#8221;625px&#8221; _builder_version=&#8221;3.6&#8243; header_level=&#8221;h2&#8243; header_font=&#8221;|700|||||||&#8221; header_font_size_phone=&#8221;24px&#8221; header_font_size_last_edited=&#8221;on|phone&#8221; body_font=&#8221;||||||||&#8221; body_font_size=&#8221;18px&#8221; body_font_size_phone=&#8221;16px&#8221; body_font_size_last_edited=&#8221;on|phone&#8221; body_line_height=&#8221;1.4em&#8221; custom_margin=&#8221;30px|15px|30px|15px|true&#8221;]<\/p>\n<div class=\"et_pb_blurb_description\">Summer cannot be complete without water biking! We know that, which is why at Sunshine<span>\u00a0<\/span><strong>beach<\/strong><span>\u00a0<\/span><strong>inside<\/strong><span>\u00a0<\/span><strong>possibility<\/strong><span>\u00a0<\/span>to rent<span>\u00a0<\/span><strong>a<\/strong><span>\u00a0<\/span><strong>equipped with a<\/strong><span>\u00a0<\/span>a<span>\u00a0<\/span><strong>water bikes<span>\u00a0<\/span><\/strong>and other<span>\u00a0<\/span><strong>watercraft<\/strong>, such as SUP and kayaks. It is guaranteed to be an unforgettable experience. Warning, not just for kids!<\/div>\n<p>[\/et_pb_blurb][\/et_pb_column][\/et_pb_row][et_pb_row make_fullwidth=&#8221;on&#8221; use_custom_gutter=&#8221;on&#8221; gutter_width=&#8221;1&#8243; custom_padding=&#8221;0px||0px|&#8221; make_equal=&#8221;on&#8221; bg_img_2=&#8221;http:\/\/agardinapsugar.hu\/wp-content\/uploads\/2018\/05\/sportpalya_velencei_to.jpg&#8221; disabled_on=&#8221;on|off|off&#8221; _builder_version=&#8221;3.3.1&#8243; module_alignment=&#8221;center&#8221;][et_pb_column type=&#8221;1_2&#8243; _builder_version=&#8221;3.0.47&#8243; parallax=&#8221;off&#8221; parallax_method=&#8221;on&#8221;][et_pb_blurb title=&#8221;Sportp\u00e1ly\u00e1k&#8221; content_max_width=&#8221;625px&#8221; _builder_version=&#8221;3.3.1&#8243; header_level=&#8221;h2&#8243; header_font=&#8221;|700|||||||&#8221; body_font=&#8221;||||||||&#8221; body_font_size=&#8221;18px&#8221; body_line_height=&#8221;1.4em&#8221; custom_margin=&#8221;80px||80px||true&#8221;]<\/p>\n<p>Are you a fan of <strong>active<\/strong> <strong>rest<\/strong> ? We have great news for you! <strong>3<\/strong> competition-sized <strong>beach volleyball<\/strong> <strong>courts<\/strong> await you at Napsug\u00e1r Beach in Lake Venezia. If you would rather play other sports, there are also <strong>football<\/strong>, <strong>basketball<\/strong> and <strong>tennis courts<\/strong> <strong>courts<\/strong> available.<\/p>\n<p>[\/et_pb_blurb][\/et_pb_column][et_pb_column type=&#8221;1_2&#8243; _builder_version=&#8221;3.0.47&#8243; bg_img=&#8221;http:\/\/agardinapsugar.hu\/wp-content\/uploads\/2018\/05\/sportpalya_velencei_to.jpg&#8221; parallax=&#8221;off&#8221; parallax_method=&#8221;on&#8221;][\/et_pb_column][\/et_pb_row][et_pb_row make_fullwidth=&#8221;on&#8221; use_custom_gutter=&#8221;on&#8221; gutter_width=&#8221;1&#8243; custom_padding=&#8221;0px||0px|&#8221; make_equal=&#8221;on&#8221; disabled_on=&#8221;off|on|on&#8221; _builder_version=&#8221;3.3.1&#8243; module_alignment=&#8221;center&#8221;][et_pb_column type=&#8221;1_2&#8243; _builder_version=&#8221;3.0.47&#8243; parallax=&#8221;off&#8221; parallax_method=&#8221;on&#8221;][et_pb_image src=&#8221;http:\/\/agardinapsugar.hu\/wp-content\/uploads\/2018\/05\/sportpalya_velencei_to.jpg&#8221; _builder_version=&#8221;3.3.1&#8243;][\/et_pb_image][\/et_pb_column][et_pb_column type=&#8221;1_2&#8243; _builder_version=&#8221;3.0.47&#8243; parallax=&#8221;off&#8221; parallax_method=&#8221;on&#8221;][et_pb_blurb title=&#8221;Sportp\u00e1ly\u00e1k&#8221; content_max_width=&#8221;625px&#8221; _builder_version=&#8221;3.6&#8243; header_level=&#8221;h2&#8243; header_font=&#8221;|700|||||||&#8221; header_font_size_phone=&#8221;24px&#8221; header_font_size_last_edited=&#8221;on|phone&#8221; body_font=&#8221;||||||||&#8221; body_font_size=&#8221;18px&#8221; body_font_size_phone=&#8221;16px&#8221; body_font_size_last_edited=&#8221;on|phone&#8221; body_line_height=&#8221;1.4em&#8221; custom_margin=&#8221;30px|15px|30px|15px|true&#8221;]<\/p>\n<p>Are you a fan of <strong>active<\/strong> <strong>rest<\/strong> ? We have great news for you! <strong>3<\/strong> competition-sized <strong>beach volleyball<\/strong> <strong>courts<\/strong> await you at Napsug\u00e1r Beach in Lake Venezia. If you would rather play other sports, there are also <strong>football<\/strong>, <strong>basketball<\/strong> and <strong>tennis courts<\/strong> <strong>courts<\/strong> available.<\/p>\n<p>[\/et_pb_blurb][\/et_pb_column][\/et_pb_row][et_pb_row make_fullwidth=&#8221;on&#8221; use_custom_gutter=&#8221;on&#8221; gutter_width=&#8221;1&#8243; custom_padding=&#8221;0px||0px|&#8221; make_equal=&#8221;on&#8221; bg_img_1=&#8221;http:\/\/agardinapsugar.hu\/wp-content\/uploads\/2018\/05\/jatszoter_velencei_to.jpg&#8221; disabled_on=&#8221;on|off|off&#8221; _builder_version=&#8221;3.3.1&#8243; background_color=&#8221;#f2f2f2&#8243; module_alignment=&#8221;center&#8221;][et_pb_column type=&#8221;1_2&#8243; _builder_version=&#8221;3.0.47&#8243; bg_img=&#8221;http:\/\/agardinapsugar.hu\/wp-content\/uploads\/2018\/05\/jatszoter_velencei_to.jpg&#8221; parallax=&#8221;off&#8221; parallax_method=&#8221;on&#8221;][\/et_pb_column][et_pb_column type=&#8221;1_2&#8243; _builder_version=&#8221;3.0.47&#8243; parallax=&#8221;off&#8221; parallax_method=&#8221;on&#8221;][et_pb_blurb title=&#8221;B\u00fcf\u00e9k, j\u00e1tsz\u00f3t\u00e9r \u00e9s \u00e9rt\u00e9kmeg\u0151rz\u0151.&#8221; content_max_width=&#8221;625px&#8221; _builder_version=&#8221;3.3.1&#8243; header_level=&#8221;h2&#8243; header_font=&#8221;|700|||||||&#8221; header_font_size_phone=&#8221;24px&#8221; header_font_size_last_edited=&#8221;on|phone&#8221; body_font=&#8221;||||||||&#8221; body_font_size=&#8221;18px&#8221; body_font_size_phone=&#8221;16px&#8221; body_font_size_last_edited=&#8221;on|phone&#8221; body_line_height=&#8221;1.4em&#8221; custom_margin=&#8221;80px||80px||true&#8221;]A strandol\u00e1s elmaradhatatlan r\u00e9szei a hamis\u00edtatlan strand \u00e9telek. Ezek kiv\u00e9tel n\u00e9lk\u00fcl mind megtal\u00e1lhat\u00f3ak a Napsug\u00e1r Strandon.<\/p>\n<p>A gyerekek sz\u00e1m\u00e1ra pedig t\u00f6bb elemes\u00a0j\u00e1tsz\u00f3t\u00e9r\u00a0tal\u00e1lhat\u00f3 a strand ter\u00fclet\u00e9n bel\u00fcl.[\/et_pb_blurb][\/et_pb_column][\/et_pb_row][et_pb_row make_fullwidth=&#8221;on&#8221; use_custom_gutter=&#8221;on&#8221; gutter_width=&#8221;1&#8243; custom_padding=&#8221;0px||0px|&#8221; make_equal=&#8221;on&#8221; disabled_on=&#8221;off|on|on&#8221; _builder_version=&#8221;3.3.1&#8243; background_color=&#8221;#f2f2f2&#8243; module_alignment=&#8221;center&#8221;][et_pb_column type=&#8221;1_2&#8243; _builder_version=&#8221;3.0.47&#8243; parallax=&#8221;off&#8221; parallax_method=&#8221;on&#8221;][et_pb_image src=&#8221;http:\/\/agardinapsugar.hu\/wp-content\/uploads\/2018\/05\/jatszoter_velencei_to.jpg&#8221; _builder_version=&#8221;3.3.1&#8243;][\/et_pb_image][\/et_pb_column][et_pb_column type=&#8221;1_2&#8243; _builder_version=&#8221;3.0.47&#8243; parallax=&#8221;off&#8221; parallax_method=&#8221;on&#8221;][et_pb_blurb title=&#8221;B\u00fcf\u00e9k \u00e9s j\u00e1tsz\u00f3t\u00e9r \u00e9s \u00e9rt\u00e9kmeg\u0151rz\u0151.&#8221; content_max_width=&#8221;625px&#8221; _builder_version=&#8221;3.3.1&#8243; header_level=&#8221;h2&#8243; header_font=&#8221;|700|||||||&#8221; header_font_size_phone=&#8221;24px&#8221; header_font_size_last_edited=&#8221;on|phone&#8221; body_font=&#8221;||||||||&#8221; body_font_size=&#8221;18px&#8221; body_font_size_phone=&#8221;16px&#8221; body_font_size_last_edited=&#8221;on|phone&#8221; body_line_height=&#8221;1.4em&#8221; custom_margin=&#8221;30px|15px|30px|15px|true&#8221;]A strandol\u00e1s elmaradhatatlan r\u00e9szei a hamis\u00edtatlan <strong>beach<\/strong> <strong>\u00e9telek<\/strong>. Ezek kiv\u00e9tel n\u00e9lk\u00fcl mind megtal\u00e1lhat\u00f3ak a Napsug\u00e1r Strandon, \u00e1m az \u00ednyencek <strong>offers<\/strong> <strong>aj\u00e1nlatok<\/strong> k\u00f6z\u00fcl is v\u00e1logathatnak.<\/p>\n<p>To <strong>children<\/strong> <strong>sz\u00e1m\u00e1ra<\/strong> pedig fantasztikus <strong>playground.<\/strong> tal\u00e1lhat\u00f3ak a strand ter\u00fclet\u00e9n bel\u00fcl.[\/et_pb_blurb][\/et_pb_column][\/et_pb_row][\/et_pb_section][et_pb_section fb_built=&#8221;1&#8243; module_id=&#8221;megkozelites&#8221; _builder_version=&#8221;3.4.1&#8243; custom_margin=&#8221;0px||0px|&#8221; custom_padding=&#8221;20px|0|20px||false|false&#8221; global_module=&#8221;67&#8243;][et_pb_row make_fullwidth=&#8221;on&#8221; use_custom_gutter=&#8221;on&#8221; gutter_width=&#8221;2&#8243; custom_padding=&#8221;27px|0px|22px|0px|false|false&#8221; custom_padding_phone=&#8221;0px||0px|&#8221; make_equal=&#8221;on&#8221; custom_padding_last_edited=&#8221;on|phone&#8221; _builder_version=&#8221;3.3.1&#8243; custom_margin_phone=&#8221;0px||0px|&#8221; custom_margin_last_edited=&#8221;on|phone&#8221;][et_pb_column type=&#8221;1_2&#8243; _builder_version=&#8221;3.0.47&#8243; parallax=&#8221;off&#8221; parallax_method=&#8221;on&#8221;][et_pb_blurb title=&#8221;Hol tal\u00e1lhat\u00f3 a velencei-tavi Napsug\u00e1r Strand?&#8221; content_max_width=&#8221;625px&#8221; _builder_version=&#8221;3.3.1&#8243; header_level=&#8221;h2&#8243; header_font=&#8221;|700|||||||&#8221; header_font_size_phone=&#8221;24px&#8221; header_font_size_last_edited=&#8221;on|phone&#8221; body_font=&#8221;||||||||&#8221; body_font_size=&#8221;18px&#8221; body_line_height=&#8221;1.4em&#8221; custom_margin=&#8221;30px||0px||false&#8221;]<\/p>\n<p class=\" translation-block\">The child- friendly Napsug\u00e1r Strand, which has a friendly environment and a sandy beach, is located in Ag\u00e1rd, directly on the shore of Lake Velence.<\/p>\n<p class=\" translation-block\">With us, you don't even have to worry about parking, as there are more than 250 parking spaces in the immediate vicinity of the Velencei-lake beach.<\/p>\n<p>[\/et_pb_blurb][et_pb_blurb title=&#8221;Vonattal \u00e9rkez\u0151knek az ag\u00e1rdi vas\u00fat\u00e1llom\u00e1son kell lesz\u00e1llni.&#8221; content_max_width=&#8221;625px&#8221; _builder_version=&#8221;3.6&#8243; header_level=&#8221;h2&#8243; header_font=&#8221;|700|||||||&#8221; header_font_size_phone=&#8221;24px&#8221; header_font_size_last_edited=&#8221;on|phone&#8221; body_font=&#8221;||||||||&#8221; body_font_size=&#8221;18px&#8221; body_line_height=&#8221;1.4em&#8221; custom_margin=&#8221;30px||0px||false&#8221;][\/et_pb_blurb][\/et_pb_column][et_pb_column type=&#8221;1_2&#8243; _builder_version=&#8221;3.0.47&#8243; parallax=&#8221;off&#8221; parallax_method=&#8221;on&#8221;][et_pb_code _builder_version=&#8221;3.3.1&#8243; text_orientation=&#8221;center&#8221;]&lt;iframe src=&quot;https:\/\/www.google.com\/maps\/embed?pb=!1m18!1m12!1m3!1d2710.9792751642376!2d18.599612315616348!3d47.197418179159754!2m3!1f0!2f0!3f0!3m2!1i1024!2i768!4f13.1!3m3!1m2!1s0x476a01e649a24e79%3A0xc8e2639a28f29008!2sNapsug%C3%A1r+Strand!5e0!3m2!1shu!2shu!4v1526651210549&quot; width=&quot;600&quot; height=&quot;300&quot; frameborder=&quot;0&quot; style=&quot;border:0&quot; allowfullscreen&gt;&lt;\/iframe&gt;[\/et_pb_code][\/et_pb_column][\/et_pb_row][\/et_pb_section]<\/p>","protected":false},"excerpt":{"rendered":"<p>[et_pb_section fb_built=&#8221;1&#8243; _builder_version=&#8221;3.6&#8243; background_color=&#8221;rgba(0,0,0,0.37)&#8221; background_position=&#8221;bottom_center&#8221; background_blend=&#8221;overlay&#8221; custom_padding=&#8221;57px||57px|0|false|false&#8221;][et_pb_row _builder_version=&#8221;3.6&#8243;][et_pb_column type=&#8221;4_4&#8243; _builder_version=&#8221;3.0.47&#8243; parallax=&#8221;off&#8221; parallax_method=&#8221;on&#8221;][et_pb_image src=&#8221;https:\/\/agardinapsugar.hu\/wp-content\/uploads\/2024\/06\/Napsugar-Strand-Agard_2-scaled.jpg&#8221; _builder_version=&#8221;3.6&#8243;][\/et_pb_image][\/et_pb_column][\/et_pb_row][\/et_pb_section][et_pb_section fb_built=&#8221;1&#8243; module_id=&#8221;napsugarstrand&#8221; _builder_version=&#8221;3.4.1&#8243; global_module=&#8221;179&#8243;][et_pb_row make_fullwidth=&#8221;on&#8221; use_custom_gutter=&#8221;on&#8221; gutter_width=&#8221;2&#8243; make_equal=&#8221;on&#8221; _builder_version=&#8221;3.3.1&#8243;][et_pb_column type=&#8221;1_3&#8243; _builder_version=&#8221;3.0.47&#8243; parallax=&#8221;off&#8221; parallax_method=&#8221;on&#8221;][et_pb_blurb title=&#8221;250 parkol\u00f3hely&#8221; image=&#8221;http:\/\/agardinapsugar.hu\/wp-content\/uploads\/2018\/05\/parkolo.png&#8221; image_max_width_phone=&#8221;80%&#8221; image_max_width_last_edited=&#8221;on|phone&#8221; _builder_version=&#8221;3.6&#8243; header_level=&#8221;h2&#8243; header_font=&#8221;|700|||||||&#8221; header_text_align=&#8221;center&#8221; header_font_size=&#8221;28px&#8221; body_font=&#8221;||||||||&#8221; body_font_size=&#8221;16px&#8221; text_orientation=&#8221;center&#8221; custom_margin=&#8221;|||&#8221; custom_margin_phone=&#8221;||20px|&#8221; custom_margin_last_edited=&#8221;on|phone&#8221;] Az \u00f6sszesen 4 parkol\u00f3, amely a strand k\u00f6zvetlen k\u00f6zel\u00e9ben tal\u00e1lhat\u00f3 igaz\u00e1n egyesr\u0171v\u00e9 [&hellip;]<\/p>","protected":false},"author":4,"featured_media":0,"parent":0,"menu_order":0,"comment_status":"closed","ping_status":"closed","template":"","meta":[],"_links":{"self":[{"href":"https:\/\/agardinapsugar.hu\/en\/wp-json\/wp\/v2\/pages\/12"}],"collection":[{"href":"https:\/\/agardinapsugar.hu\/en\/wp-json\/wp\/v2\/pages"}],"about":[{"href":"https:\/\/agardinapsugar.hu\/en\/wp-json\/wp\/v2\/types\/page"}],"author":[{"embeddable":true,"href":"https:\/\/agardinapsugar.hu\/en\/wp-json\/wp\/v2\/users\/4"}],"replies":[{"embeddable":true,"href":"https:\/\/agardinapsugar.hu\/en\/wp-json\/wp\/v2\/comments?post=12"}],"version-history":[{"count":60,"href":"https:\/\/agardinapsugar.hu\/en\/wp-json\/wp\/v2\/pages\/12\/revisions"}],"predecessor-version":[{"id":1670,"href":"https:\/\/agardinapsugar.hu\/en\/wp-json\/wp\/v2\/pages\/12\/revisions\/1670"}],"wp:attachment":[{"href":"https:\/\/agardinapsugar.hu\/en\/wp-json\/wp\/v2\/media?parent=12"}],"curies":[{"name":"wp","href":"https:\/\/api.w.org\/{rel}","templated":true}]}}